{"id":963,"date":"2022-03-03T09:09:59","date_gmt":"2022-03-03T08:09:59","guid":{"rendered":"https:\/\/www.hyrbat.se\/?page_id=963"},"modified":"2022-03-03T09:15:13","modified_gmt":"2022-03-03T08:15:13","slug":"ga-med-i-hyrbat-se-grundsunds","status":"publish","type":"page","link":"https:\/\/www.hyrbat.se\/en\/ga-med-i-hyrbat-se-grundsunds\/","title":{"rendered":"Join with hyrbat.se"},"content":{"rendered":"<div data-elementor-type=\"wp-page\" data-elementor-id=\"963\" class=\"elementor elementor-963\" data-elementor-post-type=\"page\">\n\t\t\t\t\t\t<section data-particle_enable=\"false\" data-particle-mobile-disabled=\"false\" class=\"elementor-section elementor-top-section elementor-element elementor-element-75a3afd4 elementor-section-height-min-height elementor-section-items-bottom elementor-section-boxed elementor-section-height-default\" data-id=\"75a3afd4\" data-element_type=\"section\" data-settings=\"{&quot;background_background&quot;:&quot;classic&quot;,&quot;shape_divider_bottom&quot;:&quot;waves&quot;}\">\n\t\t\t\t\t\t\t<div class=\"elementor-background-overlay\"><\/div>\n\t\t\t\t\t\t<div class=\"elementor-shape elementor-shape-bottom\" data-negative=\"false\">\n\t\t\t<svg xmlns=\"http:\/\/www.w3.org\/2000\/svg\" viewbox=\"0 0 1000 100\" preserveaspectratio=\"none\">\n\t<path class=\"elementor-shape-fill\" d=\"M421.9,6.5c22.6-2.5,51.5,0.4,75.5,5.3c23.6,4.9,70.9,23.5,100.5,35.7c75.8,32.2,133.7,44.5,192.6,49.7\tc23.6,2.1,48.7,3.5,103.4-2.5c54.7-6,106.2-25.6,106.2-25.6V0H0v30.3c0,0,72,32.6,158.4,30.5c39.2-0.7,92.8-6.7,134-22.4\tc21.2-8.1,52.2-18.2,79.7-24.2C399.3,7.9,411.6,7.5,421.9,6.5z\"\/>\n<\/svg>\t\t<\/div>\n\t\t\t\t\t<div class=\"elementor-container elementor-column-gap-default\">\n\t\t\t\t\t<div class=\"elementor-column elementor-col-100 elementor-top-column elementor-element elementor-element-3e28c016\" data-id=\"3e28c016\" data-element_type=\"column\">\n\t\t\t<div class=\"elementor-widget-wrap elementor-element-populated\">\n\t\t\t\t\t\t<div class=\"elementor-element elementor-element-9e1a85b elementor-widget-divider--view-line elementor-widget elementor-widget-divider\" data-id=\"9e1a85b\" data-element_type=\"widget\" data-widget_type=\"divider.default\">\n\t\t\t\t<div class=\"elementor-widget-container\">\n\t\t\t\t\t\t\t<div class=\"elementor-divider\">\n\t\t\t<span class=\"elementor-divider-separator\">\n\t\t\t\t\t\t<\/span>\n\t\t<\/div>\n\t\t\t\t\t\t<\/div>\n\t\t\t\t<\/div>\n\t\t\t\t\t<\/div>\n\t\t<\/div>\n\t\t\t\t\t<\/div>\n\t\t<\/section>\n\t\t\t\t<section data-particle_enable=\"false\" data-particle-mobile-disabled=\"false\" class=\"elementor-section elementor-top-section elementor-element elementor-element-566a3bec elementor-section-boxed elementor-section-height-default elementor-section-height-default\" data-id=\"566a3bec\" data-element_type=\"section\" data-settings=\"{&quot;shape_divider_top&quot;:&quot;waves&quot;,&quot;shape_divider_top_negative&quot;:&quot;yes&quot;,&quot;background_background&quot;:&quot;classic&quot;}\">\n\t\t\t\t\t<div class=\"elementor-shape elementor-shape-top\" data-negative=\"true\">\n\t\t\t<svg xmlns=\"http:\/\/www.w3.org\/2000\/svg\" viewbox=\"0 0 1000 100\" preserveaspectratio=\"none\">\n\t<path class=\"elementor-shape-fill\" d=\"M790.5,93.1c-59.3-5.3-116.8-18-192.6-50c-29.6-12.7-76.9-31-100.5-35.9c-23.6-4.9-52.6-7.8-75.5-5.3\tc-10.2,1.1-22.6,1.4-50.1,7.4c-27.2,6.3-58.2,16.6-79.4,24.7c-41.3,15.9-94.9,21.9-134,22.6C72,58.2,0,25.8,0,25.8V100h1000V65.3\tc0,0-51.5,19.4-106.2,25.7C839.5,97,814.1,95.2,790.5,93.1z\"\/>\n<\/svg>\t\t<\/div>\n\t\t\t\t\t<div class=\"elementor-container elementor-column-gap-default\">\n\t\t\t\t\t<div class=\"elementor-column elementor-col-50 elementor-top-column elementor-element elementor-element-2677cbe8\" data-id=\"2677cbe8\" data-element_type=\"column\">\n\t\t\t<div class=\"elementor-widget-wrap elementor-element-populated\">\n\t\t\t\t\t\t<div class=\"elementor-element elementor-element-6e55f80b elementor-widget elementor-widget-text-editor\" data-id=\"6e55f80b\" data-element_type=\"widget\" data-widget_type=\"text-editor.default\">\n\t\t\t\t<div class=\"elementor-widget-container\">\n\t\t\t\t\t\t\t\t\t<p class=\" translation-block\">Does your marina want to join hyrbat.se? We offer a complete concept with everything required to start a charter boat business. Among other things, ready-made templates, booking and payment solutions, graphic material, joint marketing, etc. are included.<br>The most important basic requirements are that you:<\/p><ul><li>Can offer fresh, attractive and fully equipped day trip boats<\/li><li>Has access to a service workshop open all season<\/li><li>Has dedicated staff for customer management and support.<\/li><li class=\" translation-block\">Is a member of  <a href=\"http:\/\/www.sweboat.se\" target=\"_blank\" rel=\"noopener\">Sweboat \u2013 B\u00e5tbranschens Riksf\u00f6rbund<\/a><\/li><\/ul><p class=\" translation-block\"><br>Does this sound interesting?<a href=\"https:\/\/hyrbat.wpint1.se\/grundsunds-kontakt\/\" target=\"_self\">Contact us!<\/a><\/p>\t\t\t\t\t\t\t\t<\/div>\n\t\t\t\t<\/div>\n\t\t\t\t\t<\/div>\n\t\t<\/div>\n\t\t\t\t<div class=\"elementor-column elementor-col-50 elementor-top-column elementor-element elementor-element-a21f25d\" data-id=\"a21f25d\" data-element_type=\"column\">\n\t\t\t<div class=\"elementor-widget-wrap elementor-element-populated\">\n\t\t\t\t\t\t<div class=\"elementor-element elementor-element-1d7b4d26 elementor-widget elementor-widget-image\" data-id=\"1d7b4d26\" data-element_type=\"widget\" data-widget_type=\"image.default\">\n\t\t\t\t<div class=\"elementor-widget-container\">\n\t\t\t\t\t\t\t\t\t\t\t\t\t\t\t<img decoding=\"async\" src=\"https:\/\/www.hyrbat.se\/wp-content\/uploads\/elementor\/thumbs\/fox_miljo2-pk7c2sd5u4zulkhxe670a1a33siiohr8rwmc3hlx8o.jpg\" title=\"fox_miljo2\" alt=\"fox_miljo2\" loading=\"lazy\" \/>\t\t\t\t\t\t\t\t\t\t\t\t\t\t\t<\/div>\n\t\t\t\t<\/div>\n\t\t\t\t\t<\/div>\n\t\t<\/div>\n\t\t\t\t\t<\/div>\n\t\t<\/section>\n\t\t\t\t<\/div>","protected":false},"excerpt":{"rendered":"<p>Vill din marina g\u00e5 med i hyrbat.se? Vi erbjuder ett f\u00e4rdigt koncept med allt som kr\u00e4vs f\u00f6r att starta\u00a0upp en hyrb\u00e5tverksamhet. Bland annat ing\u00e5r f\u00e4rdiga mallar, boknings- och betall\u00f6sningar, grafiskt\u00a0material, gemensam marknadsf\u00f6ring m.m.Det viktigaste grundkraven \u00e4r att man:\u00a0 Kan erbjuda fr\u00e4scha, attraktiva och fullt utrustade dagtursb\u00e5tar Har tillg\u00e5ng till en serviceverkstad \u00f6ppen hela s\u00e4songen Har [&hellip;]<\/p>","protected":false},"author":1,"featured_media":0,"parent":0,"menu_order":0,"comment_status":"closed","ping_status":"closed","template":"","meta":{"_seopress_robots_primary_cat":"","_seopress_titles_title":"G\u00e5 med hyrbat.se","_seopress_titles_desc":"Vill din marina g\u00e5 med i hyrbat.se? Vi erbjuder ett f\u00e4rdigt koncept med allt som kr\u00e4vs f\u00f6r att starta upp en hyrb\u00e5tverksamhet.","_seopress_robots_index":"","footnotes":""},"Pagecategories":[12],"class_list":["post-963","page","type-page","status-publish","hentry","Pagecategories-grundsunds-marina"],"_links":{"self":[{"href":"https:\/\/www.hyrbat.se\/en\/wp-json\/wp\/v2\/pages\/963","targetHints":{"allow":["GET"]}}],"collection":[{"href":"https:\/\/www.hyrbat.se\/en\/wp-json\/wp\/v2\/pages"}],"about":[{"href":"https:\/\/www.hyrbat.se\/en\/wp-json\/wp\/v2\/types\/page"}],"author":[{"embeddable":true,"href":"https:\/\/www.hyrbat.se\/en\/wp-json\/wp\/v2\/users\/1"}],"replies":[{"embeddable":true,"href":"https:\/\/www.hyrbat.se\/en\/wp-json\/wp\/v2\/comments?post=963"}],"version-history":[{"count":5,"href":"https:\/\/www.hyrbat.se\/en\/wp-json\/wp\/v2\/pages\/963\/revisions"}],"predecessor-version":[{"id":983,"href":"https:\/\/www.hyrbat.se\/en\/wp-json\/wp\/v2\/pages\/963\/revisions\/983"}],"wp:attachment":[{"href":"https:\/\/www.hyrbat.se\/en\/wp-json\/wp\/v2\/media?parent=963"}],"wp:term":[{"taxonomy":"Pagecategories","embeddable":true,"href":"https:\/\/www.hyrbat.se\/en\/wp-json\/wp\/v2\/Pagecategories?post=963"}],"curies":[{"name":"wp","href":"https:\/\/api.w.org\/{rel}","templated":true}]}}