{"id":66,"date":"2022-02-08T09:18:08","date_gmt":"2022-02-08T08:18:08","guid":{"rendered":"https:\/\/www.hyrbat.se\/?page_id=66"},"modified":"2022-03-01T18:04:47","modified_gmt":"2022-03-01T17:04:47","slug":"dyvik-marina-gdpr","status":"publish","type":"page","link":"https:\/\/www.hyrbat.se\/en\/dyvik-marina-gdpr\/","title":{"rendered":"GDPR"},"content":{"rendered":"<div data-elementor-type=\"wp-page\" data-elementor-id=\"66\" class=\"elementor elementor-66\" data-elementor-post-type=\"page\">\n\t\t\t\t\t\t<section data-particle_enable=\"false\" data-particle-mobile-disabled=\"false\" class=\"elementor-section elementor-top-section elementor-element elementor-element-2bd342f8 elementor-section-height-min-height elementor-section-items-bottom elementor-section-boxed elementor-section-height-default\" data-id=\"2bd342f8\" data-element_type=\"section\" data-settings=\"{&quot;background_background&quot;:&quot;classic&quot;,&quot;shape_divider_bottom&quot;:&quot;waves&quot;}\">\n\t\t\t\t\t\t\t<div class=\"elementor-background-overlay\"><\/div>\n\t\t\t\t\t\t<div class=\"elementor-shape elementor-shape-bottom\" data-negative=\"false\">\n\t\t\t<svg xmlns=\"http:\/\/www.w3.org\/2000\/svg\" viewbox=\"0 0 1000 100\" preserveaspectratio=\"none\">\n\t<path class=\"elementor-shape-fill\" d=\"M421.9,6.5c22.6-2.5,51.5,0.4,75.5,5.3c23.6,4.9,70.9,23.5,100.5,35.7c75.8,32.2,133.7,44.5,192.6,49.7\tc23.6,2.1,48.7,3.5,103.4-2.5c54.7-6,106.2-25.6,106.2-25.6V0H0v30.3c0,0,72,32.6,158.4,30.5c39.2-0.7,92.8-6.7,134-22.4\tc21.2-8.1,52.2-18.2,79.7-24.2C399.3,7.9,411.6,7.5,421.9,6.5z\"\/>\n<\/svg>\t\t<\/div>\n\t\t\t\t\t<div class=\"elementor-container elementor-column-gap-default\">\n\t\t\t\t\t<div class=\"elementor-column elementor-col-100 elementor-top-column elementor-element elementor-element-2408d911\" data-id=\"2408d911\" data-element_type=\"column\">\n\t\t\t<div class=\"elementor-widget-wrap elementor-element-populated\">\n\t\t\t\t\t\t<div class=\"elementor-element elementor-element-7e559a60 elementor-widget-divider--view-line elementor-widget elementor-widget-divider\" data-id=\"7e559a60\" data-element_type=\"widget\" data-widget_type=\"divider.default\">\n\t\t\t\t<div class=\"elementor-widget-container\">\n\t\t\t\t\t\t\t<div class=\"elementor-divider\">\n\t\t\t<span class=\"elementor-divider-separator\">\n\t\t\t\t\t\t<\/span>\n\t\t<\/div>\n\t\t\t\t\t\t<\/div>\n\t\t\t\t<\/div>\n\t\t\t\t\t<\/div>\n\t\t<\/div>\n\t\t\t\t\t<\/div>\n\t\t<\/section>\n\t\t\t\t<section data-particle_enable=\"false\" data-particle-mobile-disabled=\"false\" class=\"elementor-section elementor-top-section elementor-element elementor-element-54d98d2e elementor-section-boxed elementor-section-height-default elementor-section-height-default\" data-id=\"54d98d2e\" data-element_type=\"section\" data-settings=\"{&quot;shape_divider_top&quot;:&quot;waves&quot;,&quot;shape_divider_top_negative&quot;:&quot;yes&quot;,&quot;background_background&quot;:&quot;classic&quot;}\">\n\t\t\t\t\t<div class=\"elementor-shape elementor-shape-top\" data-negative=\"true\">\n\t\t\t<svg xmlns=\"http:\/\/www.w3.org\/2000\/svg\" viewbox=\"0 0 1000 100\" preserveaspectratio=\"none\">\n\t<path class=\"elementor-shape-fill\" d=\"M790.5,93.1c-59.3-5.3-116.8-18-192.6-50c-29.6-12.7-76.9-31-100.5-35.9c-23.6-4.9-52.6-7.8-75.5-5.3\tc-10.2,1.1-22.6,1.4-50.1,7.4c-27.2,6.3-58.2,16.6-79.4,24.7c-41.3,15.9-94.9,21.9-134,22.6C72,58.2,0,25.8,0,25.8V100h1000V65.3\tc0,0-51.5,19.4-106.2,25.7C839.5,97,814.1,95.2,790.5,93.1z\"\/>\n<\/svg>\t\t<\/div>\n\t\t\t\t\t<div class=\"elementor-container elementor-column-gap-default\">\n\t\t\t\t\t<div class=\"elementor-column elementor-col-100 elementor-top-column elementor-element elementor-element-94d3695\" data-id=\"94d3695\" data-element_type=\"column\">\n\t\t\t<div class=\"elementor-widget-wrap elementor-element-populated\">\n\t\t\t\t\t\t<div class=\"elementor-element elementor-element-9c326c4 elementor-widget elementor-widget-heading\" data-id=\"9c326c4\" data-element_type=\"widget\" data-widget_type=\"heading.default\">\n\t\t\t\t<div class=\"elementor-widget-container\">\n\t\t\t\t\t<h2 class=\"elementor-heading-title elementor-size-default\">V\u00e5r integritetspolicy<\/h2>\t\t\t\t<\/div>\n\t\t\t\t<\/div>\n\t\t\t\t<div class=\"elementor-element elementor-element-28199ef7 elementor-widget elementor-widget-text-editor\" data-id=\"28199ef7\" data-element_type=\"widget\" data-widget_type=\"text-editor.default\">\n\t\t\t\t<div class=\"elementor-widget-container\">\n\t\t\t\t\t\t\t\t\t<p><b>For english translation of our GDPR-policy, please contact us.<\/b> <br \/>Vi v\u00e4rnar om din personliga integritet enligt GDPR.<\/p><h4>Personuppgiftsansvarig<\/h4><p>Dyviks Varv AB (som driver Dyvik Marina) organisationsnummer 556368-6087, Dyviks Fabriksv\u00e4g 7, 194 91 \u00d6ster\u00e5ker \u00e4r personuppgiftsansvarig f\u00f6r behandling av personuppgifter och ansvarar f\u00f6r att personuppgifterna behandlas enligt Dataskyddsf\u00f6rordningen (EU2016\/679).<\/p><h4>Personuppgifter och hantering av dessa<\/h4><p>Personuppgifter \u00e4r all slags information som direkt eller indirekt kan kopplas till en fysisk person. Personuppgifter kan till exempel vara namn, e-postadress, adress, telefonnummer, fotografi, kundnummer, personnummer etc.<\/p><p>Personuppgifter l\u00e4mnas och inh\u00e4mtas, innan och i samband med att en kundrelation inleds och ett avtal ing\u00e5s och\/eller ett uppdrag l\u00e4mnas, eller i \u00f6vrigt i samband med en kundrelation. Uppgifterna behandlas av Dyviks Varv f\u00f6r ing\u00e5ende,administrativ och f\u00f6r fullg\u00f6relse av ing\u00e5ngna avtal, samt f\u00f6r att Dyviks Varv ska kunna fullg\u00f6ra sina f\u00f6rpliktelser enligt lag. Vid inledande av en kundrelation och vid vissa betalningar kan Dyviks Varv komma att kontrollera personuppgifter, som Dyviks Varv enligt lag eller myndighetsbeslut \u00e4r skyldig eller har r\u00e4tt att till\u00e4mpa f\u00f6r att s\u00e4kerst\u00e4lla att en kundrelation kan inledas och att betalning kan genomf\u00f6ras.<\/p><p>Vid \u00e4renden som utf\u00f6rs via telefonsamtal eller e-post, behandlas personuppgifterna f\u00f6r \u00e4ndam\u00e5let. Personuppgifter kan f\u00f6r angivna \u00e4ndam\u00e5l &#8211; med beaktande av reglerna om sekretess &#8211; komma att l\u00e4mnas ut till andra f\u00f6retag, som Dyviks Varv samarbetar med, t.ex. underentrepren\u00f6rer. I dessa fall uppr\u00e4ttas Bitr\u00e4desavtal. Personuppgifter sparas i maximalt 1 \u00e5r efter avslutad kundrelation, om inte uppgifterna m\u00e5ste sparas f\u00f6r fullg\u00f6rande av v\u00e5ra f\u00f6rpliktelser enligt lag.<\/p><p>Personuppgifter som du l\u00e4mnar i samband med prenumeration eller best\u00e4llning av information sparar vi bara s\u00e5 l\u00e4nge som du \u00e4r prenumerant eller s\u00e5 l\u00e4nge det kr\u00e4vs f\u00f6r att g\u00f6ra utskicket eller best\u00e4llningen. Du samtycker till att vi behandlar dina personuppgifter och kan n\u00e4r som helst avsluta din prenumeration.<\/p><h4>Beg\u00e4ra registerutdrag eller r\u00e4ttelse<\/h4><p>Du har r\u00e4tt att beg\u00e4ra ett registerutdrag fr\u00e5n oss med information om vilka uppgifter som behandlas om dig eller f\u00f6r att beg\u00e4ra r\u00e4ttelse, radering eller begr\u00e4nsning av dina personuppgifter. Den information som Dyviks Varv beh\u00f6ver f\u00f6r att g\u00f6ra ett registerutdrag \u00e4r:<\/p><p>f\u00f6r- och efternamn<br \/>personnummer<br \/>e-postadress (samma som du l\u00e4mnat tidigare)<br \/>adress (samma som du l\u00e4mnat tidigare)<\/p><p><strong>Beg\u00e4ran om registerutdrag g\u00f6r du till:<\/strong><br \/>e-post till mail@dyvik.se<br \/>eller skicka brev till<br \/>Dyviks Varv AB<br \/>Dyviks Fabriksv\u00e4g 7<br \/>185 91 \u00d6ster\u00e5ker<\/p><p>Klagom\u00e5l till Datainspektionen<\/p><p>Om du anser att Dyviks Varv ABs behandling av dina personuppgifter strider med till\u00e4mplig dataskyddslagstiftning har du r\u00e4tt att l\u00e4mna klagom\u00e5l till en tillsynsmyndighet. I Sverige kan detta ske till:<\/p><p>Datainspektionen<br \/>Box 8114<br \/>104 20 STOCKHOLM<\/p>\t\t\t\t\t\t\t\t<\/div>\n\t\t\t\t<\/div>\n\t\t\t\t\t<\/div>\n\t\t<\/div>\n\t\t\t\t\t<\/div>\n\t\t<\/section>\n\t\t\t\t<\/div>","protected":false},"excerpt":{"rendered":"<p>V\u00e5r integritetspolicy Vi v\u00e4rnar om din personliga integritet enligt GDPR. Personuppgiftsansvarig Dyviks Varv AB (som driver Dyvik Marina) organisationsnummer 556368-6087, Dyviks Fabriksv\u00e4g 7, 194 91 \u00d6ster\u00e5ker \u00e4r personuppgiftsansvarig f\u00f6r behandling av personuppgifter och ansvarar f\u00f6r att personuppgifterna behandlas enligt Dataskyddsf\u00f6rordningen (EU2016\/679). Personuppgifter och hantering av dessa Personuppgifter \u00e4r all slags information som direkt eller indirekt [&hellip;]<\/p>","protected":false},"author":1,"featured_media":0,"parent":0,"menu_order":0,"comment_status":"closed","ping_status":"closed","template":"","meta":{"_seopress_robots_primary_cat":"","_seopress_titles_title":"","_seopress_titles_desc":"","_seopress_robots_index":"","footnotes":""},"Pagecategories":[11],"class_list":["post-66","page","type-page","status-publish","hentry","Pagecategories-dyvik-marina"],"_links":{"self":[{"href":"https:\/\/www.hyrbat.se\/en\/wp-json\/wp\/v2\/pages\/66","targetHints":{"allow":["GET"]}}],"collection":[{"href":"https:\/\/www.hyrbat.se\/en\/wp-json\/wp\/v2\/pages"}],"about":[{"href":"https:\/\/www.hyrbat.se\/en\/wp-json\/wp\/v2\/types\/page"}],"author":[{"embeddable":true,"href":"https:\/\/www.hyrbat.se\/en\/wp-json\/wp\/v2\/users\/1"}],"replies":[{"embeddable":true,"href":"https:\/\/www.hyrbat.se\/en\/wp-json\/wp\/v2\/comments?post=66"}],"version-history":[{"count":5,"href":"https:\/\/www.hyrbat.se\/en\/wp-json\/wp\/v2\/pages\/66\/revisions"}],"predecessor-version":[{"id":866,"href":"https:\/\/www.hyrbat.se\/en\/wp-json\/wp\/v2\/pages\/66\/revisions\/866"}],"wp:attachment":[{"href":"https:\/\/www.hyrbat.se\/en\/wp-json\/wp\/v2\/media?parent=66"}],"wp:term":[{"taxonomy":"Pagecategories","embeddable":true,"href":"https:\/\/www.hyrbat.se\/en\/wp-json\/wp\/v2\/Pagecategories?post=66"}],"curies":[{"name":"wp","href":"https:\/\/api.w.org\/{rel}","templated":true}]}}