{"id":45,"date":"2022-02-08T09:04:32","date_gmt":"2022-02-08T08:04:32","guid":{"rendered":"https:\/\/www.hyrbat.se\/?page_id=45"},"modified":"2023-02-28T16:43:08","modified_gmt":"2023-02-28T15:43:08","slug":"dyvik-marina-boka-hyrbat","status":"publish","type":"page","link":"https:\/\/www.hyrbat.se\/en\/dyvik-marina-boka-hyrbat\/","title":{"rendered":"Boka hyrb\u00e5t old"},"content":{"rendered":"<div data-elementor-type=\"wp-page\" data-elementor-id=\"45\" class=\"elementor elementor-45\" data-elementor-post-type=\"page\">\n\t\t\t\t\t\t<section data-particle_enable=\"false\" data-particle-mobile-disabled=\"false\" class=\"elementor-section elementor-top-section elementor-element elementor-element-5e8331e0 elementor-section-height-min-height elementor-section-items-bottom elementor-section-boxed elementor-section-height-default\" data-id=\"5e8331e0\" data-element_type=\"section\" data-settings=\"{&quot;background_background&quot;:&quot;classic&quot;,&quot;shape_divider_bottom&quot;:&quot;waves&quot;}\">\n\t\t\t\t\t\t\t<div class=\"elementor-background-overlay\"><\/div>\n\t\t\t\t\t\t<div class=\"elementor-shape elementor-shape-bottom\" data-negative=\"false\">\n\t\t\t<svg xmlns=\"http:\/\/www.w3.org\/2000\/svg\" viewbox=\"0 0 1000 100\" preserveaspectratio=\"none\">\n\t<path class=\"elementor-shape-fill\" d=\"M421.9,6.5c22.6-2.5,51.5,0.4,75.5,5.3c23.6,4.9,70.9,23.5,100.5,35.7c75.8,32.2,133.7,44.5,192.6,49.7\tc23.6,2.1,48.7,3.5,103.4-2.5c54.7-6,106.2-25.6,106.2-25.6V0H0v30.3c0,0,72,32.6,158.4,30.5c39.2-0.7,92.8-6.7,134-22.4\tc21.2-8.1,52.2-18.2,79.7-24.2C399.3,7.9,411.6,7.5,421.9,6.5z\"\/>\n<\/svg>\t\t<\/div>\n\t\t\t\t\t<div class=\"elementor-container elementor-column-gap-default\">\n\t\t\t\t\t<div class=\"elementor-column elementor-col-100 elementor-top-column elementor-element elementor-element-3f982b12\" data-id=\"3f982b12\" data-element_type=\"column\">\n\t\t\t<div class=\"elementor-widget-wrap elementor-element-populated\">\n\t\t\t\t\t\t<div class=\"elementor-element elementor-element-7fe2a35a elementor-widget-divider--view-line elementor-widget elementor-widget-divider\" data-id=\"7fe2a35a\" data-element_type=\"widget\" data-widget_type=\"divider.default\">\n\t\t\t\t<div class=\"elementor-widget-container\">\n\t\t\t\t\t\t\t<div class=\"elementor-divider\">\n\t\t\t<span class=\"elementor-divider-separator\">\n\t\t\t\t\t\t<\/span>\n\t\t<\/div>\n\t\t\t\t\t\t<\/div>\n\t\t\t\t<\/div>\n\t\t\t\t\t<\/div>\n\t\t<\/div>\n\t\t\t\t\t<\/div>\n\t\t<\/section>\n\t\t\t\t<section data-particle_enable=\"false\" data-particle-mobile-disabled=\"false\" class=\"elementor-section elementor-top-section elementor-element elementor-element-3065e8f8 elementor-section-boxed elementor-section-height-default elementor-section-height-default\" data-id=\"3065e8f8\" data-element_type=\"section\" data-settings=\"{&quot;shape_divider_top&quot;:&quot;waves&quot;,&quot;shape_divider_top_negative&quot;:&quot;yes&quot;,&quot;background_background&quot;:&quot;classic&quot;}\">\n\t\t\t\t\t<div class=\"elementor-shape elementor-shape-top\" data-negative=\"true\">\n\t\t\t<svg xmlns=\"http:\/\/www.w3.org\/2000\/svg\" viewbox=\"0 0 1000 100\" preserveaspectratio=\"none\">\n\t<path class=\"elementor-shape-fill\" d=\"M790.5,93.1c-59.3-5.3-116.8-18-192.6-50c-29.6-12.7-76.9-31-100.5-35.9c-23.6-4.9-52.6-7.8-75.5-5.3\tc-10.2,1.1-22.6,1.4-50.1,7.4c-27.2,6.3-58.2,16.6-79.4,24.7c-41.3,15.9-94.9,21.9-134,22.6C72,58.2,0,25.8,0,25.8V100h1000V65.3\tc0,0-51.5,19.4-106.2,25.7C839.5,97,814.1,95.2,790.5,93.1z\"\/>\n<\/svg>\t\t<\/div>\n\t\t\t\t\t<div class=\"elementor-container elementor-column-gap-default\">\n\t\t\t\t\t<div class=\"elementor-column elementor-col-100 elementor-top-column elementor-element elementor-element-5e1f5a97\" data-id=\"5e1f5a97\" data-element_type=\"column\">\n\t\t\t<div class=\"elementor-widget-wrap elementor-element-populated\">\n\t\t\t\t\t\t<div class=\"elementor-element elementor-element-464e88d elementor-widget elementor-widget-button\" data-id=\"464e88d\" data-element_type=\"widget\" data-widget_type=\"button.default\">\n\t\t\t\t<div class=\"elementor-widget-container\">\n\t\t\t\t\t\t\t\t\t<div class=\"elementor-button-wrapper\">\n\t\t\t\t\t<a class=\"elementor-button elementor-button-link elementor-size-sm\" href=\"https:\/\/www.hyrbat.se\/en\/hem\/\">\n\t\t\t\t\t\t<span class=\"elementor-button-content-wrapper\">\n\t\t\t\t\t\t<span class=\"elementor-button-icon\">\n\t\t\t\t<i aria-hidden=\"true\" class=\"far fa-long-arrow-left\"><\/i>\t\t\t<\/span>\n\t\t\t\t\t\t\t\t\t<span class=\"elementor-button-text\">Back<\/span>\n\t\t\t\t\t<\/span>\n\t\t\t\t\t<\/a>\n\t\t\t\t<\/div>\n\t\t\t\t\t\t\t\t<\/div>\n\t\t\t\t<\/div>\n\t\t\t\t<div class=\"elementor-element elementor-element-48c95f94 elementor-widget elementor-widget-text-editor\" data-id=\"48c95f94\" data-element_type=\"widget\" data-widget_type=\"text-editor.default\">\n\t\t\t\t<div class=\"elementor-widget-container\">\n\t\t\t\t\t<style>.elementor-element-48c95f94{display:none !important}<\/style>\t\t\t\t<\/div>\n\t\t\t\t<\/div>\n\t\t\t\t<div class=\"elementor-element elementor-element-852c1ba elementor-widget elementor-widget-text-editor\" data-id=\"852c1ba\" data-element_type=\"widget\" data-widget_type=\"text-editor.default\">\n\t\t\t\t<div class=\"elementor-widget-container\">\n\t\t\t\t\t\t\t\t\t<p><div id='planyo_plugin_code' class='planyo_wp planyo'>\n<script type=\"text\/javascript\">\n\/* these values are copied from the PHP settings; please update the original values above and leave these unchanged *\/\nvar ulap_script=\"ulap.php\"; \/* file name to one of the ULAP scripts, e.g. ulap.php, OR \"jsonp\" for a pure javascript implementation *\/\nvar planyo_site_id=\"M757\"; \/* ID of your planyo site *\/\nvar planyo_resource_id=\"\"; \/* optional: ID of the resource being reserved *\/\nvar planyo_files_location=\"https:\/\/www.hyrbat.se\/wp-content\/plugins\/planyo-online-reservation-system\/\"; \/* relative or absolute directory where the planyo files are kept (usually '\/planyo-files') *\/\nvar planyo_language=\"EN\"; \/* you can optionally change the language here, e.g. 'FR' or 'ES' or pass the languge in the 'planyo_lang' parameter *\/\nvar sort_fields=\"name,price\"; \/* comma-separated sort fields -- a single field will hide the sort dropdown box *\/\nvar planyo_resource_ordering=\"name\"; \/* optional sort criterium for resource list *\/\nvar extra_search_fields=\"\"; \/* comma-separated extra fields in the search box *\/\nvar planyo_default_mode=\"resource_list\";\nvar planyo_use_https=true; \/* set this to true if embedding planyo on a secure website (SSL) *\/\nvar planyo_attribs='?ppp_resfilter=148435,180418,141709,141715,141740,204031&mode=resource_list&lang=EN&sort=name'; \/* optional attributes for non-default modes *\/\n<\/script><\/p>\n<p><script type=\"text\/javascript\">\nfunction get_param (name) {name = name.replace(\/[\\[]\/,\"\\\\\\[\").replace(\/[\\]]\/,\"\\\\\\]\");var regexS = \"[\\\\?&]\"+name+\"=([^&#]*)\";var regex = new RegExp (regexS);var results = regex.exec (window.location.href);if (results == null) return null;else  return results[1];}\nif (get_param('ppp_mode')) planyo_embed_mode = get_param('ppp_mode'); else if (get_param('mode')) planyo_embed_mode = get_param('mode');\nfunction get_full_planyo_file_path(name) {if(planyo_files_location.length==0||planyo_files_location.lastIndexOf('\/')==planyo_files_location.length-1)return planyo_files_location+name; else return planyo_files_location+'\/'+name;}\n<\/script>\n<link rel='stylesheet' href='https:\/\/www.planyo.com\/schemes\/?calendar=M757&#038;detect_mobile=auto&#038;sel=scheme_css' type='text\/css' \/>\n<div id='planyo_content' class='planyo'><img src='https:\/\/www.planyo.com\/images\/hourglass.gif' align='middle' \/><\/div>\n<p><script type='text\/javascript' src='https:\/\/www.planyo.com\/Plugins\/PlanyoFiles\/jquery.min.js'><\/script><br \/>\n<script src='https:\/\/www.planyo.com\/Plugins\/PlanyoFiles\/booking-utils.js' type='text\/javascript'><\/script><br \/>\n<noscript><br \/>\n<a href='http:\/\/www.planyo.com\/about-calendar.php?calendar=M757'>Make a reservation<\/a><\/p>\n<p><a href='http:\/\/www.planyo.com\/'>Reservation<br \/>\n  system powered by Planyo<\/a><br \/>\n<\/noscript>\n<\/div><\/p>\n\t\t\t\t\t\t\t\t<\/div>\n\t\t\t\t<\/div>\n\t\t\t\t<div class=\"elementor-element elementor-element-415b9ce elementor-widget elementor-widget-button\" data-id=\"415b9ce\" data-element_type=\"widget\" data-widget_type=\"button.default\">\n\t\t\t\t<div class=\"elementor-widget-container\">\n\t\t\t\t\t\t\t\t\t<div class=\"elementor-button-wrapper\">\n\t\t\t\t\t<a class=\"elementor-button elementor-button-link elementor-size-sm\" href=\"https:\/\/www.hyrbat.se\/en\/hem\/\">\n\t\t\t\t\t\t<span class=\"elementor-button-content-wrapper\">\n\t\t\t\t\t\t<span class=\"elementor-button-icon\">\n\t\t\t\t<i aria-hidden=\"true\" class=\"far fa-long-arrow-left\"><\/i>\t\t\t<\/span>\n\t\t\t\t\t\t\t\t\t<span class=\"elementor-button-text\">Back<\/span>\n\t\t\t\t\t<\/span>\n\t\t\t\t\t<\/a>\n\t\t\t\t<\/div>\n\t\t\t\t\t\t\t\t<\/div>\n\t\t\t\t<\/div>\n\t\t\t\t\t<\/div>\n\t\t<\/div>\n\t\t\t\t\t<\/div>\n\t\t<\/section>\n\t\t\t\t<\/div>","protected":false},"excerpt":{"rendered":"<p>Tillbaka Tillbaka<\/p>","protected":false},"author":1,"featured_media":0,"parent":0,"menu_order":0,"comment_status":"closed","ping_status":"closed","template":"","meta":{"_seopress_robots_primary_cat":"","_seopress_titles_title":"Boka hyrb\u00e5t hos Dyvik Marina - hyrbat.se","_seopress_titles_desc":"H\u00e4r ser du information om v\u00e5ra hyrb\u00e5tar och bokar enkelt online. Att hyra b\u00e5t av oss \u00e4r enkelt och smidigt, precis som en hyrbil.","_seopress_robots_index":"","footnotes":""},"Pagecategories":[11],"class_list":["post-45","page","type-page","status-publish","hentry","Pagecategories-dyvik-marina"],"_links":{"self":[{"href":"https:\/\/www.hyrbat.se\/en\/wp-json\/wp\/v2\/pages\/45","targetHints":{"allow":["GET"]}}],"collection":[{"href":"https:\/\/www.hyrbat.se\/en\/wp-json\/wp\/v2\/pages"}],"about":[{"href":"https:\/\/www.hyrbat.se\/en\/wp-json\/wp\/v2\/types\/page"}],"author":[{"embeddable":true,"href":"https:\/\/www.hyrbat.se\/en\/wp-json\/wp\/v2\/users\/1"}],"replies":[{"embeddable":true,"href":"https:\/\/www.hyrbat.se\/en\/wp-json\/wp\/v2\/comments?post=45"}],"version-history":[{"count":5,"href":"https:\/\/www.hyrbat.se\/en\/wp-json\/wp\/v2\/pages\/45\/revisions"}],"predecessor-version":[{"id":1262,"href":"https:\/\/www.hyrbat.se\/en\/wp-json\/wp\/v2\/pages\/45\/revisions\/1262"}],"wp:attachment":[{"href":"https:\/\/www.hyrbat.se\/en\/wp-json\/wp\/v2\/media?parent=45"}],"wp:term":[{"taxonomy":"Pagecategories","embeddable":true,"href":"https:\/\/www.hyrbat.se\/en\/wp-json\/wp\/v2\/Pagecategories?post=45"}],"curies":[{"name":"wp","href":"https:\/\/api.w.org\/{rel}","templated":true}]}}