{"id":30,"date":"2022-02-08T09:02:13","date_gmt":"2022-02-08T08:02:13","guid":{"rendered":"https:\/\/www.hyrbat.se\/?page_id=30"},"modified":"2025-12-09T13:42:16","modified_gmt":"2025-12-09T12:42:16","slug":"dyvik-marina-vara-batar","status":"publish","type":"page","link":"https:\/\/www.hyrbat.se\/en\/dyvik-marina-vara-batar\/","title":{"rendered":"Out boats"},"content":{"rendered":"<div data-elementor-type=\"wp-page\" data-elementor-id=\"30\" class=\"elementor elementor-30\" data-elementor-post-type=\"page\">\n\t\t\t\t\t\t<section data-particle_enable=\"false\" data-particle-mobile-disabled=\"false\" class=\"elementor-section elementor-top-section elementor-element elementor-element-3a3bfa78 elementor-section-height-min-height elementor-section-items-bottom elementor-section-boxed elementor-section-height-default\" data-id=\"3a3bfa78\" data-element_type=\"section\" data-settings=\"{&quot;background_background&quot;:&quot;classic&quot;,&quot;shape_divider_bottom&quot;:&quot;waves&quot;}\">\n\t\t\t\t\t\t\t<div class=\"elementor-background-overlay\"><\/div>\n\t\t\t\t\t\t<div class=\"elementor-shape elementor-shape-bottom\" data-negative=\"false\">\n\t\t\t<svg xmlns=\"http:\/\/www.w3.org\/2000\/svg\" viewbox=\"0 0 1000 100\" preserveaspectratio=\"none\">\n\t<path class=\"elementor-shape-fill\" d=\"M421.9,6.5c22.6-2.5,51.5,0.4,75.5,5.3c23.6,4.9,70.9,23.5,100.5,35.7c75.8,32.2,133.7,44.5,192.6,49.7\tc23.6,2.1,48.7,3.5,103.4-2.5c54.7-6,106.2-25.6,106.2-25.6V0H0v30.3c0,0,72,32.6,158.4,30.5c39.2-0.7,92.8-6.7,134-22.4\tc21.2-8.1,52.2-18.2,79.7-24.2C399.3,7.9,411.6,7.5,421.9,6.5z\"\/>\n<\/svg>\t\t<\/div>\n\t\t\t\t\t<div class=\"elementor-container elementor-column-gap-default\">\n\t\t\t\t\t<div class=\"elementor-column elementor-col-100 elementor-top-column elementor-element elementor-element-d1cc5d3\" data-id=\"d1cc5d3\" data-element_type=\"column\">\n\t\t\t<div class=\"elementor-widget-wrap elementor-element-populated\">\n\t\t\t\t\t\t<div class=\"elementor-element elementor-element-7b7d6e2d elementor-widget-divider--view-line elementor-widget elementor-widget-divider\" data-id=\"7b7d6e2d\" data-element_type=\"widget\" data-widget_type=\"divider.default\">\n\t\t\t\t<div class=\"elementor-widget-container\">\n\t\t\t\t\t\t\t<div class=\"elementor-divider\">\n\t\t\t<span class=\"elementor-divider-separator\">\n\t\t\t\t\t\t<\/span>\n\t\t<\/div>\n\t\t\t\t\t\t<\/div>\n\t\t\t\t<\/div>\n\t\t\t\t\t<\/div>\n\t\t<\/div>\n\t\t\t\t\t<\/div>\n\t\t<\/section>\n\t\t\t\t<section data-particle_enable=\"false\" data-particle-mobile-disabled=\"false\" class=\"elementor-section elementor-top-section elementor-element elementor-element-2800b075 elementor-section-boxed elementor-section-height-default elementor-section-height-default\" data-id=\"2800b075\" data-element_type=\"section\" data-settings=\"{&quot;shape_divider_top&quot;:&quot;waves&quot;,&quot;shape_divider_top_negative&quot;:&quot;yes&quot;,&quot;background_background&quot;:&quot;classic&quot;}\">\n\t\t\t\t\t<div class=\"elementor-shape elementor-shape-top\" data-negative=\"true\">\n\t\t\t<svg xmlns=\"http:\/\/www.w3.org\/2000\/svg\" viewbox=\"0 0 1000 100\" preserveaspectratio=\"none\">\n\t<path class=\"elementor-shape-fill\" d=\"M790.5,93.1c-59.3-5.3-116.8-18-192.6-50c-29.6-12.7-76.9-31-100.5-35.9c-23.6-4.9-52.6-7.8-75.5-5.3\tc-10.2,1.1-22.6,1.4-50.1,7.4c-27.2,6.3-58.2,16.6-79.4,24.7c-41.3,15.9-94.9,21.9-134,22.6C72,58.2,0,25.8,0,25.8V100h1000V65.3\tc0,0-51.5,19.4-106.2,25.7C839.5,97,814.1,95.2,790.5,93.1z\"\/>\n<\/svg>\t\t<\/div>\n\t\t\t\t\t<div class=\"elementor-container elementor-column-gap-default\">\n\t\t\t\t\t<div class=\"elementor-column elementor-col-50 elementor-top-column elementor-element elementor-element-53a09a79\" data-id=\"53a09a79\" data-element_type=\"column\">\n\t\t\t<div class=\"elementor-widget-wrap elementor-element-populated\">\n\t\t\t\t\t\t<div class=\"elementor-element elementor-element-5fac7d7 elementor-widget elementor-widget-text-editor\" data-id=\"5fac7d7\" data-element_type=\"widget\" data-widget_type=\"text-editor.default\">\n\t\t\t\t<div class=\"elementor-widget-container\">\n\t\t\t\t\t\t\t\t\t<p>Dyvik Marina's rental boat fleet consists of attractive, sturdy and functional day-trip boats. All boats are equipped to experience our beautiful archipelago in a simple and fun way. The motorboats come mainly from Finnish Silver and Terhi and Norweigan Sting, equipped with engines from Mercury, one of the world's largest outboard motor manufacturers.<\/p><p class=\" translation-block\">All of our boats are just as suitable for a leisure trip with family and friends or a visit to a cozy archipelago restaurant, as a fishing trip or quick transport to the summer cottage. Why not do an archipelago tour with accommodation in various hostels, guest houses and hotels or even camp out? Read our our <a href=\"https:\/\/www.hyrbat.se\/dyvik-marina-rutter-och-utflyktsmal\/\" target=\"_self\">routes and excursion tips.<\/a><\/p><p><span style=\"background-color: var( --e-global-color-accent ); font-family: var( --e-global-typography-text-font-family ), Sans-serif; font-size: var( --e-global-typography-text-font-size ); font-weight: var( --e-global-typography-text-font-weight );\">All boats are equipped with:<\/span><\/p><ul><li>GPS plotter<\/li><li>Paper charts<\/li><li>Mooring lines and anchor\u00a0<\/li><li>Fenders\u00a0<\/li><li>Paddel<\/li><li>Lock and chain<\/li><li>Life jackets<\/li><\/ul><p>Depending on the boat model, it is also possible to equip the boat with:<\/p><ul><li>Protective canvas against rain and rear comfort cushions (simple cushions are standard)<\/li><li>Watersport tube<\/li><li>Water- ski<\/li><li>Wakeboard<\/li><li>SUP<\/li><\/ul><p class=\" translation-block\">See current boat models and prices under <a href=\"https:\/\/www.hyrbat.se\/en\/boka-hyrbat-demo\/\" target=\"_self\">Book Rental Boat<\/a><\/p>\t\t\t\t\t\t\t\t<\/div>\n\t\t\t\t<\/div>\n\t\t\t\t\t<\/div>\n\t\t<\/div>\n\t\t\t\t<div class=\"elementor-column elementor-col-50 elementor-top-column elementor-element elementor-element-3e84684b\" data-id=\"3e84684b\" data-element_type=\"column\">\n\t\t\t<div class=\"elementor-widget-wrap elementor-element-populated\">\n\t\t\t\t\t\t<div class=\"elementor-element elementor-element-fd21766 elementor-widget elementor-widget-gallery\" data-id=\"fd21766\" data-element_type=\"widget\" data-settings=\"{&quot;overlay_title&quot;:&quot;caption&quot;,&quot;gallery_layout&quot;:&quot;justified&quot;,&quot;gap&quot;:{&quot;unit&quot;:&quot;px&quot;,&quot;size&quot;:5,&quot;sizes&quot;:[]},&quot;lazyload&quot;:&quot;yes&quot;,&quot;ideal_row_height&quot;:{&quot;unit&quot;:&quot;px&quot;,&quot;size&quot;:200,&quot;sizes&quot;:[]},&quot;ideal_row_height_laptop&quot;:{&quot;unit&quot;:&quot;px&quot;,&quot;size&quot;:150,&quot;sizes&quot;:[]},&quot;ideal_row_height_tablet&quot;:{&quot;unit&quot;:&quot;px&quot;,&quot;size&quot;:150,&quot;sizes&quot;:[]},&quot;ideal_row_height_mobile&quot;:{&quot;unit&quot;:&quot;px&quot;,&quot;size&quot;:150,&quot;sizes&quot;:[]},&quot;gap_laptop&quot;:{&quot;unit&quot;:&quot;px&quot;,&quot;size&quot;:10,&quot;sizes&quot;:[]},&quot;gap_tablet&quot;:{&quot;unit&quot;:&quot;px&quot;,&quot;size&quot;:10,&quot;sizes&quot;:[]},&quot;gap_mobile&quot;:{&quot;unit&quot;:&quot;px&quot;,&quot;size&quot;:10,&quot;sizes&quot;:[]},&quot;link_to&quot;:&quot;file&quot;,&quot;overlay_background&quot;:&quot;yes&quot;,&quot;content_hover_animation&quot;:&quot;fade-in&quot;}\" data-widget_type=\"gallery.default\">\n\t\t\t\t<div class=\"elementor-widget-container\">\n\t\t\t\t\t\t\t<div class=\"elementor-gallery__container\">\n\t\t\t\t\t\t\t<a class=\"e-gallery-item elementor-gallery-item elementor-animated-content\" href=\"https:\/\/www.hyrbat.se\/wp-content\/uploads\/2023\/12\/Terhi-400-C-Hyrbat_Dyviks_Marina_2.jpg\" data-elementor-open-lightbox=\"yes\" data-elementor-lightbox-slideshow=\"fd21766\" data-elementor-lightbox-title=\"Terhi-400-C-Hyrb\u00e5t_Dyviks_Marina_2\" data-e-action-hash=\"#elementor-action%3Aaction%3Dlightbox%26settings%3DeyJpZCI6MTYwMSwidXJsIjoiaHR0cHM6XC9cL3d3dy5oeXJiYXQuc2VcL3dwLWNvbnRlbnRcL3VwbG9hZHNcLzIwMjNcLzEyXC9UZXJoaS00MDAtQy1IeXJiYXRfRHl2aWtzX01hcmluYV8yLmpwZyIsInNsaWRlc2hvdyI6ImZkMjE3NjYifQ%3D%3D\">\n\t\t\t\t\t<div class=\"e-gallery-image elementor-gallery-item__image\" data-thumbnail=\"https:\/\/www.hyrbat.se\/wp-content\/uploads\/elementor\/thumbs\/Terhi-400-C-Hyrbat_Dyviks_Marina_2-qgzy8ggw5mtezooct0e7ly6aftl6mn6q221qzqa6eg.jpg\" data-width=\"100\" data-height=\"100\" aria-label=\"\" role=\"img\" ><\/div>\n\t\t\t\t\t\t\t\t\t\t\t<div class=\"elementor-gallery-item__overlay\"><\/div>\n\t\t\t\t\t\t\t\t\t\t\t\t\t\t\t<div class=\"elementor-gallery-item__content\">\n\t\t\t\t\t\t\t\t\t\t\t\t\t\t<div class=\"elementor-gallery-item__title\">\n\t\t\t\t\t\t\t\t\t\t\t\t\t\t\t\t\t\tTerhi 400\t\t\t\t\t\t\t\t<\/div>\n\t\t\t\t\t\t\t\t\t\t\t\t<\/div>\n\t\t\t\t\t\t\t\t\t<\/a>\n\t\t\t\t\t\t\t<a class=\"e-gallery-item elementor-gallery-item elementor-animated-content\" href=\"https:\/\/www.hyrbat.se\/wp-content\/uploads\/2025\/02\/Silver-Puma-BR-2022_act-007_preview.jpg\" data-elementor-open-lightbox=\"yes\" data-elementor-lightbox-slideshow=\"fd21766\" data-elementor-lightbox-title=\"Silver-Puma-BR-2022_act-007_preview\" data-e-action-hash=\"#elementor-action%3Aaction%3Dlightbox%26settings%3DeyJpZCI6MjA2NSwidXJsIjoiaHR0cHM6XC9cL3d3dy5oeXJiYXQuc2VcL3dwLWNvbnRlbnRcL3VwbG9hZHNcLzIwMjVcLzAyXC9TaWx2ZXItUHVtYS1CUi0yMDIyX2FjdC0wMDdfcHJldmlldy5qcGciLCJzbGlkZXNob3ciOiJmZDIxNzY2In0%3D\">\n\t\t\t\t\t<div class=\"e-gallery-image elementor-gallery-item__image\" data-thumbnail=\"https:\/\/www.hyrbat.se\/wp-content\/uploads\/elementor\/thumbs\/Silver-Puma-BR-2022_act-007_preview-r1e1xtjud030okx9f976hmzljf2z2zrrdsoxvdxfc8.jpg\" data-width=\"100\" data-height=\"100\" aria-label=\"\" role=\"img\" ><\/div>\n\t\t\t\t\t\t\t\t\t\t\t<div class=\"elementor-gallery-item__overlay\"><\/div>\n\t\t\t\t\t\t\t\t\t\t\t\t\t\t\t<div class=\"elementor-gallery-item__content\">\n\t\t\t\t\t\t\t\t\t\t\t\t\t\t<div class=\"elementor-gallery-item__title\">\n\t\t\t\t\t\t\t\t\t\t\t\t\t\t\t\t\t\tSilver Puma\t\t\t\t\t\t\t\t<\/div>\n\t\t\t\t\t\t\t\t\t\t\t\t<\/div>\n\t\t\t\t\t\t\t\t\t<\/a>\n\t\t\t\t\t\t\t<a class=\"e-gallery-item elementor-gallery-item elementor-animated-content\" href=\"https:\/\/www.hyrbat.se\/wp-content\/uploads\/2022\/03\/Silver-Hawk-header.jpg\" data-elementor-open-lightbox=\"yes\" data-elementor-lightbox-slideshow=\"fd21766\" data-elementor-lightbox-title=\"Silver Hawk BR\" data-elementor-lightbox-description=\"L\u00e4s mer om b\u00e5ten under Boka hyrb\u00e5t.\" data-e-action-hash=\"#elementor-action%3Aaction%3Dlightbox%26settings%3DeyJpZCI6NzUwLCJ1cmwiOiJodHRwczpcL1wvd3d3Lmh5cmJhdC5zZVwvd3AtY29udGVudFwvdXBsb2Fkc1wvMjAyMlwvMDNcL1NpbHZlci1IYXdrLWhlYWRlci5qcGciLCJzbGlkZXNob3ciOiJmZDIxNzY2In0%3D\">\n\t\t\t\t\t<div class=\"e-gallery-image elementor-gallery-item__image\" data-thumbnail=\"https:\/\/www.hyrbat.se\/wp-content\/uploads\/elementor\/thumbs\/Silver-Hawk-header-pl7vz8sxf95pduq2v0wv0y0yjsuv459o0mcf0u2xns.jpg\" data-width=\"100\" data-height=\"100\" aria-label=\"\" role=\"img\" ><\/div>\n\t\t\t\t\t\t\t\t\t\t\t<div class=\"elementor-gallery-item__overlay\"><\/div>\n\t\t\t\t\t\t\t\t\t\t\t\t\t\t\t<div class=\"elementor-gallery-item__content\">\n\t\t\t\t\t\t\t\t\t\t\t\t\t\t<div class=\"elementor-gallery-item__title\">\n\t\t\t\t\t\t\t\t\t\t\t\t\t\t\t\t\t\tSilver Hawk BR\t\t\t\t\t\t\t\t<\/div>\n\t\t\t\t\t\t\t\t\t\t\t\t<\/div>\n\t\t\t\t\t\t\t\t\t<\/a>\n\t\t\t\t\t\t\t<a class=\"e-gallery-item elementor-gallery-item elementor-animated-content\" href=\"https:\/\/www.hyrbat.se\/wp-content\/uploads\/2025\/12\/Sharkbrx_exterior1_2022.jpg\" data-elementor-open-lightbox=\"yes\" data-elementor-lightbox-slideshow=\"fd21766\" data-elementor-lightbox-title=\"Sharkbrx_exterior1_2022\" data-e-action-hash=\"#elementor-action%3Aaction%3Dlightbox%26settings%3DeyJpZCI6MjI4MywidXJsIjoiaHR0cHM6XC9cL3d3dy5oeXJiYXQuc2VcL3dwLWNvbnRlbnRcL3VwbG9hZHNcLzIwMjVcLzEyXC9TaGFya2JyeF9leHRlcmlvcjFfMjAyMi5qcGciLCJzbGlkZXNob3ciOiJmZDIxNzY2In0%3D\">\n\t\t\t\t\t<div class=\"e-gallery-image elementor-gallery-item__image\" data-thumbnail=\"https:\/\/www.hyrbat.se\/wp-content\/uploads\/elementor\/thumbs\/Sharkbrx_exterior1_2022-rfwhwj1wfoqrnmpalpkl15zcmovo7z2i5uoxjapsyw.jpg\" data-width=\"100\" data-height=\"100\" aria-label=\"\" role=\"img\" ><\/div>\n\t\t\t\t\t\t\t\t\t\t\t<div class=\"elementor-gallery-item__overlay\"><\/div>\n\t\t\t\t\t\t\t\t\t\t\t\t\t\t\t<div class=\"elementor-gallery-item__content\">\n\t\t\t\t\t\t\t\t\t\t\t\t\t\t<div class=\"elementor-gallery-item__title\">\n\t\t\t\t\t\t\t\t\t\t\t\t\t\t\t\t\t\tSilver Shark BRX\t\t\t\t\t\t\t\t<\/div>\n\t\t\t\t\t\t\t\t\t\t\t\t<\/div>\n\t\t\t\t\t\t\t\t\t<\/a>\n\t\t\t\t\t\t\t<a class=\"e-gallery-item elementor-gallery-item elementor-animated-content\" href=\"https:\/\/www.hyrbat.se\/wp-content\/uploads\/2024\/01\/STING-610-DC-DAYCRUISER-dyvik_2.jpg\" data-elementor-open-lightbox=\"yes\" data-elementor-lightbox-slideshow=\"fd21766\" data-elementor-lightbox-title=\"STING-610-DC-DAYCRUISER-dyvik_2\" data-e-action-hash=\"#elementor-action%3Aaction%3Dlightbox%26settings%3DeyJpZCI6MTcxOCwidXJsIjoiaHR0cHM6XC9cL3d3dy5oeXJiYXQuc2VcL3dwLWNvbnRlbnRcL3VwbG9hZHNcLzIwMjRcLzAxXC9TVElORy02MTAtREMtREFZQ1JVSVNFUi1keXZpa18yLmpwZyIsInNsaWRlc2hvdyI6ImZkMjE3NjYifQ%3D%3D\">\n\t\t\t\t\t<div class=\"e-gallery-image elementor-gallery-item__image\" data-thumbnail=\"https:\/\/www.hyrbat.se\/wp-content\/uploads\/elementor\/thumbs\/STING-610-DC-DAYCRUISER-dyvik_2-qihfprtmlazv2repdav9dgs7gfd3p74gmww60et3hk.jpg\" data-width=\"100\" data-height=\"100\" aria-label=\"\" role=\"img\" ><\/div>\n\t\t\t\t\t\t\t\t\t\t\t<div class=\"elementor-gallery-item__overlay\"><\/div>\n\t\t\t\t\t\t\t\t\t\t\t\t\t\t\t<div class=\"elementor-gallery-item__content\">\n\t\t\t\t\t\t\t\t\t\t\t\t\t\t<div class=\"elementor-gallery-item__title\">\n\t\t\t\t\t\t\t\t\t\t\t\t\t\t\t\t\t\tSting 610 DC\t\t\t\t\t\t\t\t<\/div>\n\t\t\t\t\t\t\t\t\t\t\t\t<\/div>\n\t\t\t\t\t\t\t\t\t<\/a>\n\t\t\t\t\t\t\t<a class=\"e-gallery-item elementor-gallery-item elementor-animated-content\" href=\"https:\/\/www.hyrbat.se\/wp-content\/uploads\/2022\/03\/terhi480_exterior1_header.jpg\" data-elementor-open-lightbox=\"yes\" data-elementor-lightbox-slideshow=\"fd21766\" data-elementor-lightbox-title=\"Terhi 480 BR\" data-elementor-lightbox-description=\"L\u00e4s mer om b\u00e5ten under Boka hyrb\u00e5t.\" data-e-action-hash=\"#elementor-action%3Aaction%3Dlightbox%26settings%3DeyJpZCI6NzY0LCJ1cmwiOiJodHRwczpcL1wvd3d3Lmh5cmJhdC5zZVwvd3AtY29udGVudFwvdXBsb2Fkc1wvMjAyMlwvMDNcL3RlcmhpNDgwX2V4dGVyaW9yMV9oZWFkZXIuanBnIiwic2xpZGVzaG93IjoiZmQyMTc2NiJ9\">\n\t\t\t\t\t<div class=\"e-gallery-image elementor-gallery-item__image\" data-thumbnail=\"https:\/\/www.hyrbat.se\/wp-content\/uploads\/elementor\/thumbs\/terhi480_exterior1_header-pl7wnno0xcksx99hb2t1aa8xz2j2156p1gbeqjvu20.jpg\" data-width=\"100\" data-height=\"100\" aria-label=\"\" role=\"img\" ><\/div>\n\t\t\t\t\t\t\t\t\t\t\t<div class=\"elementor-gallery-item__overlay\"><\/div>\n\t\t\t\t\t\t\t\t\t\t\t\t\t\t\t<div class=\"elementor-gallery-item__content\">\n\t\t\t\t\t\t\t\t\t\t\t\t\t\t<div class=\"elementor-gallery-item__title\">\n\t\t\t\t\t\t\t\t\t\t\t\t\t\t\t\t\t\tTerhi 480 BR\t\t\t\t\t\t\t\t<\/div>\n\t\t\t\t\t\t\t\t\t\t\t\t<\/div>\n\t\t\t\t\t\t\t\t\t<\/a>\n\t\t\t\t\t\t\t<a class=\"e-gallery-item elementor-gallery-item elementor-animated-content\" href=\"https:\/\/www.hyrbat.se\/wp-content\/uploads\/2023\/02\/Silver-Eagle-Br-3.jpg\" data-elementor-open-lightbox=\"yes\" data-elementor-lightbox-slideshow=\"fd21766\" data-elementor-lightbox-title=\"Silver Eagle Br (3)\" data-e-action-hash=\"#elementor-action%3Aaction%3Dlightbox%26settings%3DeyJpZCI6MTE0MywidXJsIjoiaHR0cHM6XC9cL3d3dy5oeXJiYXQuc2VcL3dwLWNvbnRlbnRcL3VwbG9hZHNcLzIwMjNcLzAyXC9TaWx2ZXItRWFnbGUtQnItMy5qcGciLCJzbGlkZXNob3ciOiJmZDIxNzY2In0%3D\">\n\t\t\t\t\t<div class=\"e-gallery-image elementor-gallery-item__image\" data-thumbnail=\"https:\/\/www.hyrbat.se\/wp-content\/uploads\/elementor\/thumbs\/Silver-Eagle-Br-3-q1mer7lu090ru2kz528z24k9e7vbu4luiyk4iogvs8.jpg\" data-width=\"100\" data-height=\"100\" aria-label=\"\" role=\"img\" ><\/div>\n\t\t\t\t\t\t\t\t\t\t\t<div class=\"elementor-gallery-item__overlay\"><\/div>\n\t\t\t\t\t\t\t\t\t\t\t\t\t\t\t<div class=\"elementor-gallery-item__content\">\n\t\t\t\t\t\t\t\t\t\t\t\t\t\t<div class=\"elementor-gallery-item__title\">\n\t\t\t\t\t\t\t\t\t\t\t\t\t\t\t\t\t\tSilver Eagle BR\t\t\t\t\t\t\t\t<\/div>\n\t\t\t\t\t\t\t\t\t\t\t\t<\/div>\n\t\t\t\t\t\t\t\t\t<\/a>\n\t\t\t\t\t<\/div>\n\t\t\t\t\t<\/div>\n\t\t\t\t<\/div>\n\t\t\t\t\t<\/div>\n\t\t<\/div>\n\t\t\t\t\t<\/div>\n\t\t<\/section>\n\t\t\t\t<\/div>","protected":false},"excerpt":{"rendered":"<p>Dyvik Marinas hyrb\u00e5tsflotta best\u00e5r av attraktiva, rej\u00e4la och \u00e4ndam\u00e5lsenliga dagtursb\u00e5tar. Samtliga b\u00e5tar \u00e4r utrustade f\u00f6r att uppleva v\u00e5r vackra sk\u00e4rg\u00e5rd p\u00e5 ett enkelt och roligt s\u00e4tt. Motorb\u00e5tarna kommer fr\u00e4mst fr\u00e5n finska Silver och \u00e4r bestyckade med motorer fr\u00e5n Mercury, en av v\u00e4rldens st\u00f6rsta utombordsmotortillverkare. Alla v\u00e5ra b\u00e5tar passar lika bra f\u00f6r en badtur med familj [&hellip;]<\/p>","protected":false},"author":1,"featured_media":0,"parent":0,"menu_order":0,"comment_status":"closed","ping_status":"closed","template":"","meta":{"_seopress_robots_primary_cat":"","_seopress_titles_title":"V\u00e5ra b\u00e5tar - hyrbat.se","_seopress_titles_desc":"Hyrb\u00e5tsflottan best\u00e5r av attraktiva, rej\u00e4la och \u00e4ndam\u00e5lsenliga dagtursb\u00e5tar utrustade f\u00f6r att uppleva v\u00e5r vackra sk\u00e4rg\u00e5rd p\u00e5 ett enkelt och roligt s\u00e4tt.","_seopress_robots_index":"","footnotes":""},"Pagecategories":[11],"class_list":["post-30","page","type-page","status-publish","hentry","Pagecategories-dyvik-marina"],"_links":{"self":[{"href":"https:\/\/www.hyrbat.se\/en\/wp-json\/wp\/v2\/pages\/30","targetHints":{"allow":["GET"]}}],"collection":[{"href":"https:\/\/www.hyrbat.se\/en\/wp-json\/wp\/v2\/pages"}],"about":[{"href":"https:\/\/www.hyrbat.se\/en\/wp-json\/wp\/v2\/types\/page"}],"author":[{"embeddable":true,"href":"https:\/\/www.hyrbat.se\/en\/wp-json\/wp\/v2\/users\/1"}],"replies":[{"embeddable":true,"href":"https:\/\/www.hyrbat.se\/en\/wp-json\/wp\/v2\/comments?post=30"}],"version-history":[{"count":41,"href":"https:\/\/www.hyrbat.se\/en\/wp-json\/wp\/v2\/pages\/30\/revisions"}],"predecessor-version":[{"id":2295,"href":"https:\/\/www.hyrbat.se\/en\/wp-json\/wp\/v2\/pages\/30\/revisions\/2295"}],"wp:attachment":[{"href":"https:\/\/www.hyrbat.se\/en\/wp-json\/wp\/v2\/media?parent=30"}],"wp:term":[{"taxonomy":"Pagecategories","embeddable":true,"href":"https:\/\/www.hyrbat.se\/en\/wp-json\/wp\/v2\/Pagecategories?post=30"}],"curies":[{"name":"wp","href":"https:\/\/api.w.org\/{rel}","templated":true}]}}