{"id":27,"date":"2022-02-08T08:56:41","date_gmt":"2022-02-08T07:56:41","guid":{"rendered":"https:\/\/www.hyrbat.se\/?page_id=27"},"modified":"2025-02-17T14:50:40","modified_gmt":"2025-02-17T13:50:40","slug":"dyvik-marina-sa-fungerar-det","status":"publish","type":"page","link":"https:\/\/www.hyrbat.se\/en\/dyvik-marina-sa-fungerar-det\/","title":{"rendered":"How it works"},"content":{"rendered":"<div data-elementor-type=\"wp-page\" data-elementor-id=\"27\" class=\"elementor elementor-27\" data-elementor-post-type=\"page\">\n\t\t\t\t\t\t<section data-particle_enable=\"false\" data-particle-mobile-disabled=\"false\" class=\"elementor-section elementor-top-section elementor-element elementor-element-707fc9ee elementor-section-height-min-height elementor-section-items-bottom elementor-section-boxed elementor-section-height-default\" data-id=\"707fc9ee\" data-element_type=\"section\" data-settings=\"{&quot;background_background&quot;:&quot;classic&quot;,&quot;shape_divider_bottom&quot;:&quot;waves&quot;}\">\n\t\t\t\t\t\t\t<div class=\"elementor-background-overlay\"><\/div>\n\t\t\t\t\t\t<div class=\"elementor-shape elementor-shape-bottom\" data-negative=\"false\">\n\t\t\t<svg xmlns=\"http:\/\/www.w3.org\/2000\/svg\" viewbox=\"0 0 1000 100\" preserveaspectratio=\"none\">\n\t<path class=\"elementor-shape-fill\" d=\"M421.9,6.5c22.6-2.5,51.5,0.4,75.5,5.3c23.6,4.9,70.9,23.5,100.5,35.7c75.8,32.2,133.7,44.5,192.6,49.7\tc23.6,2.1,48.7,3.5,103.4-2.5c54.7-6,106.2-25.6,106.2-25.6V0H0v30.3c0,0,72,32.6,158.4,30.5c39.2-0.7,92.8-6.7,134-22.4\tc21.2-8.1,52.2-18.2,79.7-24.2C399.3,7.9,411.6,7.5,421.9,6.5z\"\/>\n<\/svg>\t\t<\/div>\n\t\t\t\t\t<div class=\"elementor-container elementor-column-gap-default\">\n\t\t\t\t\t<div class=\"elementor-column elementor-col-100 elementor-top-column elementor-element elementor-element-3ebf01ce\" data-id=\"3ebf01ce\" data-element_type=\"column\">\n\t\t\t<div class=\"elementor-widget-wrap elementor-element-populated\">\n\t\t\t\t\t\t<div class=\"elementor-element elementor-element-bd6ca29 elementor-widget-divider--view-line elementor-widget elementor-widget-divider\" data-id=\"bd6ca29\" data-element_type=\"widget\" data-widget_type=\"divider.default\">\n\t\t\t\t<div class=\"elementor-widget-container\">\n\t\t\t\t\t\t\t<div class=\"elementor-divider\">\n\t\t\t<span class=\"elementor-divider-separator\">\n\t\t\t\t\t\t<\/span>\n\t\t<\/div>\n\t\t\t\t\t\t<\/div>\n\t\t\t\t<\/div>\n\t\t\t\t\t<\/div>\n\t\t<\/div>\n\t\t\t\t\t<\/div>\n\t\t<\/section>\n\t\t\t\t<section data-particle_enable=\"false\" data-particle-mobile-disabled=\"false\" class=\"elementor-section elementor-top-section elementor-element elementor-element-249f1090 elementor-section-boxed elementor-section-height-default elementor-section-height-default\" data-id=\"249f1090\" data-element_type=\"section\" data-settings=\"{&quot;shape_divider_top&quot;:&quot;waves&quot;,&quot;shape_divider_top_negative&quot;:&quot;yes&quot;,&quot;background_background&quot;:&quot;classic&quot;}\">\n\t\t\t\t\t<div class=\"elementor-shape elementor-shape-top\" data-negative=\"true\">\n\t\t\t<svg xmlns=\"http:\/\/www.w3.org\/2000\/svg\" viewbox=\"0 0 1000 100\" preserveaspectratio=\"none\">\n\t<path class=\"elementor-shape-fill\" d=\"M790.5,93.1c-59.3-5.3-116.8-18-192.6-50c-29.6-12.7-76.9-31-100.5-35.9c-23.6-4.9-52.6-7.8-75.5-5.3\tc-10.2,1.1-22.6,1.4-50.1,7.4c-27.2,6.3-58.2,16.6-79.4,24.7c-41.3,15.9-94.9,21.9-134,22.6C72,58.2,0,25.8,0,25.8V100h1000V65.3\tc0,0-51.5,19.4-106.2,25.7C839.5,97,814.1,95.2,790.5,93.1z\"\/>\n<\/svg>\t\t<\/div>\n\t\t\t\t\t<div class=\"elementor-container elementor-column-gap-default\">\n\t\t\t\t\t<div class=\"elementor-column elementor-col-50 elementor-top-column elementor-element elementor-element-5916373b\" data-id=\"5916373b\" data-element_type=\"column\">\n\t\t\t<div class=\"elementor-widget-wrap elementor-element-populated\">\n\t\t\t\t\t\t<div class=\"elementor-element elementor-element-1b106de4 elementor-widget elementor-widget-text-editor\" data-id=\"1b106de4\" data-element_type=\"widget\" data-widget_type=\"text-editor.default\">\n\t\t\t\t<div class=\"elementor-widget-container\">\n\t\t\t\t\t\t\t\t\t<p>Renting a boat should be as simple and smooth as renting a car. Our rental boats are never older than three years and are carefully reviewed before each rental. The boats are well equipped, and insurance is always included in the rent. You don\u2019t need any nautical exam or papers to rent a boat but some experience is recommended.\n\nAs captain of the boat, you are responsible for ensuring that the boat is driven in a reassuring manner and that you have the experience and competence required.<br \/>We always offer a customized shorter training on how to handle the boat when you pick it up at the marina.<\/p><p>During the rental time a berth is always available to use at the marina.<\/p><h4>Rental time<\/h4><p class=\" translation-block\">You can rent for a day, weekend or even a whole summer*. The most popular weeks are nr. 26 to 32 so make sure you book early if this is the time you have in mind.<\/p><p>The price depends on how long you rent the boat.<\/p><h5><strong>We offer reduced prices between week 1-25 and week 33-52<\/strong><\/h5><h5>* The summer season rent is from 1st of May to 1st of September. Contact us for more information and booking.<\/h5>\t\t\t\t\t\t\t\t<\/div>\n\t\t\t\t<\/div>\n\t\t\t\t\t<\/div>\n\t\t<\/div>\n\t\t\t\t<div class=\"elementor-column elementor-col-50 elementor-top-column elementor-element elementor-element-3fc912d0\" data-id=\"3fc912d0\" data-element_type=\"column\">\n\t\t\t<div class=\"elementor-widget-wrap elementor-element-populated\">\n\t\t\t\t\t\t<div class=\"elementor-element elementor-element-bd896d3 elementor-widget elementor-widget-image\" data-id=\"bd896d3\" data-element_type=\"widget\" data-widget_type=\"image.default\">\n\t\t\t\t<div class=\"elementor-widget-container\">\n\t\t\t\t\t\t\t\t\t\t\t\t\t\t\t<img decoding=\"async\" src=\"https:\/\/www.hyrbat.se\/wp-content\/uploads\/elementor\/thumbs\/hyrbatsbryggan-pk7hl3ddouglzyg4fe2hthryt939lo0lpff401kuiw.jpg\" title=\"hyrbatsbryggan\" alt=\"hyrbatsbryggan\" loading=\"lazy\" \/>\t\t\t\t\t\t\t\t\t\t\t\t\t\t\t<\/div>\n\t\t\t\t<\/div>\n\t\t\t\t\t<\/div>\n\t\t<\/div>\n\t\t\t\t\t<\/div>\n\t\t<\/section>\n\t\t\t\t<section data-particle_enable=\"false\" data-particle-mobile-disabled=\"false\" class=\"elementor-section elementor-top-section elementor-element elementor-element-5acb693 elementor-section-boxed elementor-section-height-default elementor-section-height-default\" data-id=\"5acb693\" data-element_type=\"section\" data-settings=\"{&quot;background_background&quot;:&quot;classic&quot;,&quot;shape_divider_top&quot;:&quot;waves&quot;,&quot;shape_divider_top_negative&quot;:&quot;yes&quot;}\">\n\t\t\t\t\t<div class=\"elementor-shape elementor-shape-top\" data-negative=\"true\">\n\t\t\t<svg xmlns=\"http:\/\/www.w3.org\/2000\/svg\" viewbox=\"0 0 1000 100\" preserveaspectratio=\"none\">\n\t<path class=\"elementor-shape-fill\" d=\"M790.5,93.1c-59.3-5.3-116.8-18-192.6-50c-29.6-12.7-76.9-31-100.5-35.9c-23.6-4.9-52.6-7.8-75.5-5.3\tc-10.2,1.1-22.6,1.4-50.1,7.4c-27.2,6.3-58.2,16.6-79.4,24.7c-41.3,15.9-94.9,21.9-134,22.6C72,58.2,0,25.8,0,25.8V100h1000V65.3\tc0,0-51.5,19.4-106.2,25.7C839.5,97,814.1,95.2,790.5,93.1z\"\/>\n<\/svg>\t\t<\/div>\n\t\t\t\t\t<div class=\"elementor-container elementor-column-gap-default\">\n\t\t\t\t\t<div class=\"elementor-column elementor-col-50 elementor-top-column elementor-element elementor-element-1476d7\" data-id=\"1476d7\" data-element_type=\"column\">\n\t\t\t<div class=\"elementor-widget-wrap elementor-element-populated\">\n\t\t\t\t\t\t<div class=\"elementor-element elementor-element-4a7571b elementor-widget elementor-widget-text-editor\" data-id=\"4a7571b\" data-element_type=\"widget\" data-widget_type=\"text-editor.default\">\n\t\t\t\t<div class=\"elementor-widget-container\">\n\t\t\t\t\t\t\t\t\t<h4 style=\"color: #54595f;\">How to book<\/h4><p style=\"color: #54595f;\" class=\" translation-block\">You book and pay smoothly and easily online. Under <a href=\"https:\/\/www.hyrbat.se\/en\/boka-hyrbat-demo\/\" target=\"_self\">Book rental boat<\/a>  you see which models are available together with specifications and prices. If you have questions or special requests regarding your booking, <a href=\"https:\/\/www.hyrbat.se\/en\/kontakt\/\" target=\"_self\">contact us<\/a> via email or phone.<\/p><h4 style=\"color: #54595f;\">Pick-up<\/h4><p style=\"color: #54595f;\">Once at the marina, contact the Sj\u00f6butiken or Harbour office to pickup the rental boat. Our knowledgeable staff always give a review of the rental boat and its equipment and here you have the opportunity to ask questions and get tips on routes and excursion destinations. We always adapt the review according to the sea habits and experience of the renter. The rental boat is always full with fuel.<\/p><p style=\"color: #54595f;\">The pickup time depends on which date the rent starts on.<\/p><h4 style=\"color: #54595f;\">Return of boat<\/h4><p style=\"color: #54595f;\">On return, we go through the boat together to see that no damage or abnormal wear has occurred. The boat is returned with a full tank, which is done at Dyvik Marina's dock. The boat must also not be left abnormally dirty.<\/p><p style=\"color: #54595f;\">The return time depends on which date the rent ends.<\/p>\t\t\t\t\t\t\t\t<\/div>\n\t\t\t\t<\/div>\n\t\t\t\t\t<\/div>\n\t\t<\/div>\n\t\t\t\t<div class=\"elementor-column elementor-col-50 elementor-top-column elementor-element elementor-element-7031fc08\" data-id=\"7031fc08\" data-element_type=\"column\">\n\t\t\t<div class=\"elementor-widget-wrap elementor-element-populated\">\n\t\t\t\t\t\t<div class=\"elementor-element elementor-element-6c7f421e elementor-widget elementor-widget-text-editor\" data-id=\"6c7f421e\" data-element_type=\"widget\" data-widget_type=\"text-editor.default\">\n\t\t\t\t<div class=\"elementor-widget-container\">\n\t\t\t\t\t\t\t\t\t<h4>Insurance, deductible and deposit<\/h4><p>The rental boats are insured against marine damage, liability and theft, provided that the boat is driven with good seamanship, proper handling and in accordance with the law. The boat must also be locked when not in use.<\/p><p>During the rental period, free assistance from <a href=\"http:\/\/www.sjoassistans.se\" target=\"_blank\" rel=\"noopener\">Sj\u00f6assistans<\/a>\u00a0is included in case anything happens that should require assistance.<\/p><p>A deposit corresponding to the excess on insurance of SEK 10 000 is paid upon delivery and is paid back upon return without damage. It is possible to buy at a 50% deductible reduction. A damage valued at less than the deposited amount is deducted from the deposit upon reimbursement.\u00a0<\/p><h4>Changes or cancellations<\/h4><p>You can change or cancel your boat rental up to 24 hours before the agreed start for the rental at a cost of 10% of the total boat rental. If less than 24 hours remain, the cost is 100% of the total boat rental.<\/p><p>If the \"Rebooking Guarantee\" option has been purchased, you can rebook the date free of charge up to three days (72 hours) before the agreed start.\u00a0<\/p><p>The booking fee is not charged if the cancellation is due to the lessee being prevented from traveling according to the authorities' regulations.<\/p><p>For seasonal hire other rental terms apply, please contact us for more information.<\/p><h4>Compelete rental terms<\/h4><p>When booking, you must accept our rental conditions. You can also read them by<a href=\"https:\/\/www.hyrbat.se\/wp-content\/uploads\/2025\/02\/Hyrevillkor-terms-and-conditions-2024-and-forward.pdf\" target=\"_blank\" rel=\"noopener\"> Click here.<\/a>.\u00a0<\/p><div>\u00a0<\/div><div>\u00a0<\/div>\t\t\t\t\t\t\t\t<\/div>\n\t\t\t\t<\/div>\n\t\t\t\t\t<\/div>\n\t\t<\/div>\n\t\t\t\t\t<\/div>\n\t\t<\/section>\n\t\t\t\t<section data-particle_enable=\"false\" data-particle-mobile-disabled=\"false\" class=\"elementor-section elementor-top-section elementor-element elementor-element-cf02dea elementor-section-boxed elementor-section-height-default elementor-section-height-default\" data-id=\"cf02dea\" data-element_type=\"section\">\n\t\t\t\t\t\t<div class=\"elementor-container elementor-column-gap-default\">\n\t\t\t\t\t<div class=\"elementor-column elementor-col-100 elementor-top-column elementor-element elementor-element-185bbaa\" data-id=\"185bbaa\" data-element_type=\"column\">\n\t\t\t<div class=\"elementor-widget-wrap\">\n\t\t\t\t\t\t\t<\/div>\n\t\t<\/div>\n\t\t\t\t\t<\/div>\n\t\t<\/section>\n\t\t\t\t<\/div>","protected":false},"excerpt":{"rendered":"<p>Att hyra en b\u00e5t ska vara lika enkelt och smidigt som att hyra en bil. V\u00e5ra hyrb\u00e5tar \u00e4r aldrig \u00e4ldre \u00e4n tre \u00e5r och g\u00e5s noga igenom inf\u00f6r varje hyra. B\u00e5tarna \u00e4r v\u00e4lutrustade och f\u00f6rs\u00e4kring samt sj\u00f6assistans ing\u00e5r alltid i hyran. Man beh\u00f6ver inte ha n\u00e5got f\u00f6rarbevis eller annan nautisk kompetens f\u00f6r att hyra men [&hellip;]<\/p>","protected":false},"author":1,"featured_media":0,"parent":0,"menu_order":0,"comment_status":"closed","ping_status":"closed","template":"","meta":{"_seopress_robots_primary_cat":"","_seopress_titles_title":" S\u00e5 fungerar det - hyrbat.se","_seopress_titles_desc":"Att hyra en b\u00e5t ska vara lika enkelt och smidigt som att hyra en bil. V\u00e5ra hyrb\u00e5tar \u00e4r aldrig \u00e4ldre \u00e4n tre \u00e5r och g\u00e5s noga igenom inf\u00f6r varje hyra.","_seopress_robots_index":"","footnotes":""},"Pagecategories":[11],"class_list":["post-27","page","type-page","status-publish","hentry","Pagecategories-dyvik-marina"],"_links":{"self":[{"href":"https:\/\/www.hyrbat.se\/en\/wp-json\/wp\/v2\/pages\/27","targetHints":{"allow":["GET"]}}],"collection":[{"href":"https:\/\/www.hyrbat.se\/en\/wp-json\/wp\/v2\/pages"}],"about":[{"href":"https:\/\/www.hyrbat.se\/en\/wp-json\/wp\/v2\/types\/page"}],"author":[{"embeddable":true,"href":"https:\/\/www.hyrbat.se\/en\/wp-json\/wp\/v2\/users\/1"}],"replies":[{"embeddable":true,"href":"https:\/\/www.hyrbat.se\/en\/wp-json\/wp\/v2\/comments?post=27"}],"version-history":[{"count":33,"href":"https:\/\/www.hyrbat.se\/en\/wp-json\/wp\/v2\/pages\/27\/revisions"}],"predecessor-version":[{"id":2187,"href":"https:\/\/www.hyrbat.se\/en\/wp-json\/wp\/v2\/pages\/27\/revisions\/2187"}],"wp:attachment":[{"href":"https:\/\/www.hyrbat.se\/en\/wp-json\/wp\/v2\/media?parent=27"}],"wp:term":[{"taxonomy":"Pagecategories","embeddable":true,"href":"https:\/\/www.hyrbat.se\/en\/wp-json\/wp\/v2\/Pagecategories?post=27"}],"curies":[{"name":"wp","href":"https:\/\/api.w.org\/{rel}","templated":true}]}}