{"id":248,"date":"2022-02-08T11:31:19","date_gmt":"2022-02-08T10:31:19","guid":{"rendered":"https:\/\/www.hyrbat.se\/?page_id=248"},"modified":"2023-04-13T12:48:26","modified_gmt":"2023-04-13T10:48:26","slug":"hem-grundsunds","status":"publish","type":"page","link":"https:\/\/www.hyrbat.se\/en\/hem-grundsunds\/","title":{"rendered":"Home"},"content":{"rendered":"<div data-elementor-type=\"wp-page\" data-elementor-id=\"248\" class=\"elementor elementor-248\" data-elementor-post-type=\"page\">\n\t\t\t\t\t\t<section data-particle_enable=\"false\" data-particle-mobile-disabled=\"false\" class=\"elementor-section elementor-top-section elementor-element elementor-element-3d6c030 elementor-section-height-min-height elementor-section-boxed elementor-section-height-default elementor-section-items-middle\" data-id=\"3d6c030\" data-element_type=\"section\" data-settings=\"{&quot;background_background&quot;:&quot;slideshow&quot;,&quot;background_slideshow_gallery&quot;:[{&quot;id&quot;:882,&quot;url&quot;:&quot;https:\\\/\\\/www.hyrbat.se\\\/wp-content\\\/uploads\\\/2022\\\/03\\\/grundsundhuvudbild_header.jpg&quot;},{&quot;id&quot;:701,&quot;url&quot;:&quot;https:\\\/\\\/www.hyrbat.se\\\/wp-content\\\/uploads\\\/2022\\\/03\\\/quicksilver_header.jpg&quot;},{&quot;id&quot;:881,&quot;url&quot;:&quot;https:\\\/\\\/www.hyrbat.se\\\/wp-content\\\/uploads\\\/2022\\\/03\\\/grundsund4_header.jpg&quot;},{&quot;id&quot;:704,&quot;url&quot;:&quot;https:\\\/\\\/www.hyrbat.se\\\/wp-content\\\/uploads\\\/2022\\\/03\\\/northman_header.jpg&quot;},{&quot;id&quot;:887,&quot;url&quot;:&quot;https:\\\/\\\/www.hyrbat.se\\\/wp-content\\\/uploads\\\/2022\\\/03\\\/grundsund1_header.jpg&quot;}],&quot;background_slideshow_slide_duration&quot;:3500,&quot;background_slideshow_transition_duration&quot;:3500,&quot;shape_divider_bottom&quot;:&quot;waves&quot;,&quot;background_slideshow_loop&quot;:&quot;yes&quot;,&quot;background_slideshow_slide_transition&quot;:&quot;fade&quot;}\">\n\t\t\t\t\t\t\t<div class=\"elementor-background-overlay\"><\/div>\n\t\t\t\t\t\t<div class=\"elementor-shape elementor-shape-bottom\" data-negative=\"false\">\n\t\t\t<svg xmlns=\"http:\/\/www.w3.org\/2000\/svg\" viewbox=\"0 0 1000 100\" preserveaspectratio=\"none\">\n\t<path class=\"elementor-shape-fill\" d=\"M421.9,6.5c22.6-2.5,51.5,0.4,75.5,5.3c23.6,4.9,70.9,23.5,100.5,35.7c75.8,32.2,133.7,44.5,192.6,49.7\tc23.6,2.1,48.7,3.5,103.4-2.5c54.7-6,106.2-25.6,106.2-25.6V0H0v30.3c0,0,72,32.6,158.4,30.5c39.2-0.7,92.8-6.7,134-22.4\tc21.2-8.1,52.2-18.2,79.7-24.2C399.3,7.9,411.6,7.5,421.9,6.5z\"\/>\n<\/svg>\t\t<\/div>\n\t\t\t\t\t<div class=\"elementor-container elementor-column-gap-default\">\n\t\t\t\t\t<div class=\"elementor-column elementor-col-100 elementor-top-column elementor-element elementor-element-38b1a72\" data-id=\"38b1a72\" data-element_type=\"column\">\n\t\t\t<div class=\"elementor-widget-wrap elementor-element-populated\">\n\t\t\t\t\t\t<div class=\"elementor-element elementor-element-ee274b7 elementor-widget elementor-widget-heading\" data-id=\"ee274b7\" data-element_type=\"widget\" data-widget_type=\"heading.default\">\n\t\t\t\t<div class=\"elementor-widget-container\">\n\t\t\t\t\t<h1 class=\"elementor-heading-title elementor-size-default\">Welcome to hyrbat.se at<\/h1>\t\t\t\t<\/div>\n\t\t\t\t<\/div>\n\t\t\t\t<div class=\"elementor-element elementor-element-dc18ade elementor-widget elementor-widget-image\" data-id=\"dc18ade\" data-element_type=\"widget\" data-widget_type=\"image.default\">\n\t\t\t\t<div class=\"elementor-widget-container\">\n\t\t\t\t\t\t\t\t\t\t\t\t\t\t\t<img fetchpriority=\"high\" decoding=\"async\" width=\"800\" height=\"178\" src=\"https:\/\/www.hyrbat.se\/wp-content\/uploads\/2022\/02\/grundsunds-marina-logotype-1024x228.png\" class=\"attachment-large size-large wp-image-158\" alt=\"\" srcset=\"https:\/\/www.hyrbat.se\/wp-content\/uploads\/2022\/02\/grundsunds-marina-logotype-1024x228.png 1024w, https:\/\/www.hyrbat.se\/wp-content\/uploads\/2022\/02\/grundsunds-marina-logotype-300x67.png 300w, https:\/\/www.hyrbat.se\/wp-content\/uploads\/2022\/02\/grundsunds-marina-logotype-768x171.png 768w, https:\/\/www.hyrbat.se\/wp-content\/uploads\/2022\/02\/grundsunds-marina-logotype-1536x342.png 1536w, https:\/\/www.hyrbat.se\/wp-content\/uploads\/2022\/02\/grundsunds-marina-logotype.png 1956w\" sizes=\"(max-width: 800px) 100vw, 800px\" \/>\t\t\t\t\t\t\t\t\t\t\t\t\t\t\t<\/div>\n\t\t\t\t<\/div>\n\t\t\t\t<div class=\"elementor-element elementor-element-da8af80 elementor-widget-divider--view-line elementor-widget elementor-widget-divider\" data-id=\"da8af80\" data-element_type=\"widget\" data-widget_type=\"divider.default\">\n\t\t\t\t<div class=\"elementor-widget-container\">\n\t\t\t\t\t\t\t<div class=\"elementor-divider\">\n\t\t\t<span class=\"elementor-divider-separator\">\n\t\t\t\t\t\t<\/span>\n\t\t<\/div>\n\t\t\t\t\t\t<\/div>\n\t\t\t\t<\/div>\n\t\t\t\t<div class=\"elementor-element elementor-element-1623967 elementor-widget elementor-widget-text-editor\" data-id=\"1623967\" data-element_type=\"widget\" data-widget_type=\"text-editor.default\">\n\t\t\t\t<div class=\"elementor-widget-container\">\n\t\t\t\t\t\t\t\t\t<p>When renting a boat at Grundsund Marina You are already by the sea. <br \/>The marina is situated in the beautiful West Coast, at Lysekil north of Gothenburg.<\/p><p>Read more about renting a boat from us via the menu above or book directly via the button below.<\/p>\t\t\t\t\t\t\t\t<\/div>\n\t\t\t\t<\/div>\n\t\t\t\t<div class=\"elementor-element elementor-element-92b3e92 elementor-align-center elementor-widget elementor-widget-button\" data-id=\"92b3e92\" data-element_type=\"widget\" data-widget_type=\"button.default\">\n\t\t\t\t<div class=\"elementor-widget-container\">\n\t\t\t\t\t\t\t\t\t<div class=\"elementor-button-wrapper\">\n\t\t\t\t\t<a class=\"elementor-button elementor-button-link elementor-size-lg\" href=\"https:\/\/www.Hyrbat.se\/boka-hyrbat-grundsund-marina\">\n\t\t\t\t\t\t<span class=\"elementor-button-content-wrapper\">\n\t\t\t\t\t\t<span class=\"elementor-button-icon\">\n\t\t\t\t<i aria-hidden=\"true\" class=\"far fa-long-arrow-right\"><\/i>\t\t\t<\/span>\n\t\t\t\t\t\t\t\t\t<span class=\"elementor-button-text\">Book a rental boat <\/span>\n\t\t\t\t\t<\/span>\n\t\t\t\t\t<\/a>\n\t\t\t\t<\/div>\n\t\t\t\t\t\t\t\t<\/div>\n\t\t\t\t<\/div>\n\t\t\t\t\t<\/div>\n\t\t<\/div>\n\t\t\t\t\t<\/div>\n\t\t<\/section>\n\t\t\t\t<section data-particle_enable=\"false\" data-particle-mobile-disabled=\"false\" class=\"elementor-section elementor-top-section elementor-element elementor-element-b6e3cf8 elementor-section-boxed elementor-section-height-default elementor-section-height-default\" data-id=\"b6e3cf8\" data-element_type=\"section\" data-settings=\"{&quot;shape_divider_top&quot;:&quot;waves&quot;,&quot;shape_divider_top_negative&quot;:&quot;yes&quot;}\">\n\t\t\t\t\t<div class=\"elementor-shape elementor-shape-top\" data-negative=\"true\">\n\t\t\t<svg xmlns=\"http:\/\/www.w3.org\/2000\/svg\" viewbox=\"0 0 1000 100\" preserveaspectratio=\"none\">\n\t<path class=\"elementor-shape-fill\" d=\"M790.5,93.1c-59.3-5.3-116.8-18-192.6-50c-29.6-12.7-76.9-31-100.5-35.9c-23.6-4.9-52.6-7.8-75.5-5.3\tc-10.2,1.1-22.6,1.4-50.1,7.4c-27.2,6.3-58.2,16.6-79.4,24.7c-41.3,15.9-94.9,21.9-134,22.6C72,58.2,0,25.8,0,25.8V100h1000V65.3\tc0,0-51.5,19.4-106.2,25.7C839.5,97,814.1,95.2,790.5,93.1z\"\/>\n<\/svg>\t\t<\/div>\n\t\t\t\t\t<div class=\"elementor-container elementor-column-gap-default\">\n\t\t\t\t\t<div class=\"elementor-column elementor-col-50 elementor-top-column elementor-element elementor-element-5ade99e\" data-id=\"5ade99e\" data-element_type=\"column\">\n\t\t\t<div class=\"elementor-widget-wrap elementor-element-populated\">\n\t\t\t\t\t\t<div class=\"elementor-element elementor-element-77a8ff6 elementor-widget elementor-widget-text-editor\" data-id=\"77a8ff6\" data-element_type=\"widget\" data-widget_type=\"text-editor.default\">\n\t\t\t\t<div class=\"elementor-widget-container\">\n\t\t\t\t\t\t\t\t\t<p>Except hyrbat.se the marina offers a full service boatyard, boat and motor sales, gas station with a\ncaf\u00e9 and a chandlery.<\/p><p>The marinas knowledgeable staff always do not only provide a professional welcome and service, but\nalso keep the rental boats in top condition.<\/p><p>The marina lies a 10-minute walk from the Grundsund, a small fishing village well known for its well-kept charm<\/p><p>Under \u201d<a href=\"https:\/\/www.hyrbat.se\/en\/grundsunds-hitta-till-marinan\/\">How to get to the marina<\/a>\u201d you find information on how to find us<\/p>\t\t\t\t\t\t\t\t<\/div>\n\t\t\t\t<\/div>\n\t\t\t\t\t<\/div>\n\t\t<\/div>\n\t\t\t\t<div class=\"elementor-column elementor-col-50 elementor-top-column elementor-element elementor-element-aa60da8\" data-id=\"aa60da8\" data-element_type=\"column\">\n\t\t\t<div class=\"elementor-widget-wrap elementor-element-populated\">\n\t\t\t\t\t\t<div class=\"elementor-element elementor-element-ddaee00 elementor-widget elementor-widget-image\" data-id=\"ddaee00\" data-element_type=\"widget\" data-widget_type=\"image.default\">\n\t\t\t\t<div class=\"elementor-widget-container\">\n\t\t\t\t\t\t\t\t\t\t\t\t\t\t\t<img decoding=\"async\" src=\"https:\/\/www.hyrbat.se\/wp-content\/uploads\/elementor\/thumbs\/grundsund4-pk7f9cwyv5u1qi2sdp1y74gpqjt4wclf6z8xxnqetk.jpg\" title=\"grundsund4\" alt=\"grundsund4\" loading=\"lazy\" \/>\t\t\t\t\t\t\t\t\t\t\t\t\t\t\t<\/div>\n\t\t\t\t<\/div>\n\t\t\t\t\t<\/div>\n\t\t<\/div>\n\t\t\t\t\t<\/div>\n\t\t<\/section>\n\t\t\t\t<\/div>","protected":false},"excerpt":{"rendered":"<p>V\u00e4lkommen till hyrbat.se p\u00e5 N\u00e4r man hyr b\u00e5t hos Grundsunds Marina \u00e4r man redan ute vid havet. Marinan ligger i\u00a0 Lysekils kommun p\u00e5 v\u00e4stkusten &#8211; mitt det vackra Bosusl\u00e4n och k\u00e4nd f\u00f6r sin fantastiska sk\u00e4rg\u00e5rd. L\u00e4s mer om att hyra b\u00e5t p\u00e5 hos oss via menyn ovan eller boka direkt via knappen nedan. Boka hyrb\u00e5t [&hellip;]<\/p>","protected":false},"author":1,"featured_media":0,"parent":0,"menu_order":0,"comment_status":"closed","ping_status":"closed","template":"","meta":{"_seopress_robots_primary_cat":"","_seopress_titles_title":"Hyra b\u00e5t hos Grundsunds Marina V\u00e4stkusten - hyrbat.se","_seopress_titles_desc":"N\u00e4r man hyr b\u00e5t hos Grundsunds Marina \u00e4r man redan ute vid havet. Marinan ligger i Lysekils kommun p\u00e5 v\u00e4stkusten - mitt det vackra Bosusl\u00e4n","_seopress_robots_index":"","footnotes":""},"Pagecategories":[12],"class_list":["post-248","page","type-page","status-publish","hentry","Pagecategories-grundsunds-marina"],"_links":{"self":[{"href":"https:\/\/www.hyrbat.se\/en\/wp-json\/wp\/v2\/pages\/248","targetHints":{"allow":["GET"]}}],"collection":[{"href":"https:\/\/www.hyrbat.se\/en\/wp-json\/wp\/v2\/pages"}],"about":[{"href":"https:\/\/www.hyrbat.se\/en\/wp-json\/wp\/v2\/types\/page"}],"author":[{"embeddable":true,"href":"https:\/\/www.hyrbat.se\/en\/wp-json\/wp\/v2\/users\/1"}],"replies":[{"embeddable":true,"href":"https:\/\/www.hyrbat.se\/en\/wp-json\/wp\/v2\/comments?post=248"}],"version-history":[{"count":5,"href":"https:\/\/www.hyrbat.se\/en\/wp-json\/wp\/v2\/pages\/248\/revisions"}],"predecessor-version":[{"id":1406,"href":"https:\/\/www.hyrbat.se\/en\/wp-json\/wp\/v2\/pages\/248\/revisions\/1406"}],"wp:attachment":[{"href":"https:\/\/www.hyrbat.se\/en\/wp-json\/wp\/v2\/media?parent=248"}],"wp:term":[{"taxonomy":"Pagecategories","embeddable":true,"href":"https:\/\/www.hyrbat.se\/en\/wp-json\/wp\/v2\/Pagecategories?post=248"}],"curies":[{"name":"wp","href":"https:\/\/api.w.org\/{rel}","templated":true}]}}