{"id":20,"date":"2022-02-08T08:55:56","date_gmt":"2022-02-08T07:55:56","guid":{"rendered":"https:\/\/www.hyrbat.se\/?page_id=20"},"modified":"2024-03-22T11:40:57","modified_gmt":"2024-03-22T10:40:57","slug":"intro","status":"publish","type":"page","link":"https:\/\/www.hyrbat.se\/en\/","title":{"rendered":"Intro"},"content":{"rendered":"<div data-elementor-type=\"wp-page\" data-elementor-id=\"20\" class=\"elementor elementor-20\" data-elementor-post-type=\"page\">\n\t\t\t\t\t\t<section data-particle_enable=\"false\" data-particle-mobile-disabled=\"false\" class=\"elementor-section elementor-top-section elementor-element elementor-element-7b4f489 elementor-section-height-min-height elementor-section-items-bottom elementor-section-boxed elementor-section-height-default\" data-id=\"7b4f489\" data-element_type=\"section\" data-settings=\"{&quot;background_background&quot;:&quot;slideshow&quot;,&quot;background_slideshow_gallery&quot;:[{&quot;id&quot;:700,&quot;url&quot;:&quot;https:\\\/\\\/www.hyrbat.se\\\/wp-content\\\/uploads\\\/2022\\\/03\\\/fox_miljo_header.jpg&quot;},{&quot;id&quot;:701,&quot;url&quot;:&quot;https:\\\/\\\/www.hyrbat.se\\\/wp-content\\\/uploads\\\/2022\\\/03\\\/quicksilver_header.jpg&quot;},{&quot;id&quot;:148,&quot;url&quot;:&quot;https:\\\/\\\/www.hyrbat.se\\\/wp-content\\\/uploads\\\/2022\\\/02\\\/fox_miljo2.jpg&quot;},{&quot;id&quot;:706,&quot;url&quot;:&quot;https:\\\/\\\/www.hyrbat.se\\\/wp-content\\\/uploads\\\/2022\\\/03\\\/sharkbrxccx_miljo_header.jpg&quot;},{&quot;id&quot;:147,&quot;url&quot;:&quot;https:\\\/\\\/www.hyrbat.se\\\/wp-content\\\/uploads\\\/2022\\\/02\\\/beaver_brygga.jpg&quot;},{&quot;id&quot;:704,&quot;url&quot;:&quot;https:\\\/\\\/www.hyrbat.se\\\/wp-content\\\/uploads\\\/2022\\\/03\\\/northman_header.jpg&quot;},{&quot;id&quot;:702,&quot;url&quot;:&quot;https:\\\/\\\/www.hyrbat.se\\\/wp-content\\\/uploads\\\/2022\\\/03\\\/hawk_miljo_header.jpg&quot;},{&quot;id&quot;:705,&quot;url&quot;:&quot;https:\\\/\\\/www.hyrbat.se\\\/wp-content\\\/uploads\\\/2022\\\/03\\\/shark_fiske2_header.jpg&quot;}],&quot;background_slideshow_slide_duration&quot;:3500,&quot;background_slideshow_transition_duration&quot;:3500,&quot;background_slideshow_ken_burns&quot;:&quot;yes&quot;,&quot;background_slideshow_loop&quot;:&quot;yes&quot;,&quot;background_slideshow_slide_transition&quot;:&quot;fade&quot;,&quot;background_slideshow_ken_burns_zoom_direction&quot;:&quot;in&quot;}\">\n\t\t\t\t\t\t\t<div class=\"elementor-background-overlay\"><\/div>\n\t\t\t\t\t\t\t<div class=\"elementor-container elementor-column-gap-default\">\n\t\t\t\t\t<div class=\"elementor-column elementor-col-100 elementor-top-column elementor-element elementor-element-49043fb\" data-id=\"49043fb\" data-element_type=\"column\">\n\t\t\t<div class=\"elementor-widget-wrap elementor-element-populated\">\n\t\t\t\t\t\t<div class=\"elementor-element elementor-element-480cd1a elementor-widget elementor-widget-heading\" data-id=\"480cd1a\" data-element_type=\"widget\" data-widget_type=\"heading.default\">\n\t\t\t\t<div class=\"elementor-widget-container\">\n\t\t\t\t\t<h1 class=\"elementor-heading-title elementor-size-default\">Boat rental in Sweden!<\/h1>\t\t\t\t<\/div>\n\t\t\t\t<\/div>\n\t\t\t\t<div class=\"elementor-element elementor-element-00eb5e2 elementor-widget elementor-widget-text-editor\" data-id=\"00eb5e2\" data-element_type=\"widget\" data-widget_type=\"text-editor.default\">\n\t\t\t\t<div class=\"elementor-widget-container\">\n\t\t\t\t\t\t\t\t\t<p>With us you can discover and experience boating in Sweden without owning a boat!<br \/>We have new, well equipped boats for rent for a day, week or even a whole summer! <br \/>Our rental boats are located outside Stockholm and Gothenburg in Sweden.<\/p>\t\t\t\t\t\t\t\t<\/div>\n\t\t\t\t<\/div>\n\t\t\t\t<div class=\"elementor-element elementor-element-a0c5a3e elementor-widget-divider--view-line elementor-widget elementor-widget-divider\" data-id=\"a0c5a3e\" data-element_type=\"widget\" data-widget_type=\"divider.default\">\n\t\t\t\t<div class=\"elementor-widget-container\">\n\t\t\t\t\t\t\t<div class=\"elementor-divider\">\n\t\t\t<span class=\"elementor-divider-separator\">\n\t\t\t\t\t\t<\/span>\n\t\t<\/div>\n\t\t\t\t\t\t<\/div>\n\t\t\t\t<\/div>\n\t\t\t\t<div class=\"elementor-element elementor-element-ce38608 elementor-widget elementor-widget-heading\" data-id=\"ce38608\" data-element_type=\"widget\" data-widget_type=\"heading.default\">\n\t\t\t\t<div class=\"elementor-widget-container\">\n\t\t\t\t\t<h2 class=\"elementor-heading-title elementor-size-default\">Please choose your rental location below:<\/h2>\t\t\t\t<\/div>\n\t\t\t\t<\/div>\n\t\t\t\t<section data-particle_enable=\"false\" data-particle-mobile-disabled=\"false\" class=\"elementor-section elementor-inner-section elementor-element elementor-element-7e24632 elementor-section-full_width elementor-section-content-bottom elementor-section-height-default elementor-section-height-default\" data-id=\"7e24632\" data-element_type=\"section\">\n\t\t\t\t\t\t<div class=\"elementor-container elementor-column-gap-extended\">\n\t\t\t\t\t<div class=\"elementor-column elementor-col-50 elementor-inner-column elementor-element elementor-element-18014d8\" data-id=\"18014d8\" data-element_type=\"column\">\n\t\t\t<div class=\"elementor-widget-wrap elementor-element-populated\">\n\t\t\t\t\t\t<div class=\"elementor-element elementor-element-cf7046b elementor-widget elementor-widget-heading\" data-id=\"cf7046b\" data-element_type=\"widget\" data-widget_type=\"heading.default\">\n\t\t\t\t<div class=\"elementor-widget-container\">\n\t\t\t\t\t<h3 class=\"elementor-heading-title elementor-size-default\">Rent a boat Stockholm - East Coast<\/h3>\t\t\t\t<\/div>\n\t\t\t\t<\/div>\n\t\t\t\t<div class=\"elementor-element elementor-element-a6cef24 elementor-widget-divider--view-line elementor-widget elementor-widget-divider\" data-id=\"a6cef24\" data-element_type=\"widget\" data-widget_type=\"divider.default\">\n\t\t\t\t<div class=\"elementor-widget-container\">\n\t\t\t\t\t\t\t<div class=\"elementor-divider\">\n\t\t\t<span class=\"elementor-divider-separator\">\n\t\t\t\t\t\t<\/span>\n\t\t<\/div>\n\t\t\t\t\t\t<\/div>\n\t\t\t\t<\/div>\n\t\t\t\t<div class=\"elementor-element elementor-element-a272dba elementor-widget elementor-widget-image\" data-id=\"a272dba\" data-element_type=\"widget\" data-widget_type=\"image.default\">\n\t\t\t\t<div class=\"elementor-widget-container\">\n\t\t\t\t\t\t\t\t\t\t\t\t\t\t\t\t<a href=\"https:\/\/www.hyrbat.se\/en\/hem\/\">\n\t\t\t\t\t\t\t<img decoding=\"async\" width=\"211\" height=\"27\" src=\"https:\/\/www.hyrbat.se\/wp-content\/uploads\/2022\/02\/dyvik-marina-logotype-white.svg\" class=\"elementor-animation-grow attachment-full size-full wp-image-157\" alt=\"\" \/>\t\t\t\t\t\t\t\t<\/a>\n\t\t\t\t\t\t\t\t\t\t\t\t\t\t\t<\/div>\n\t\t\t\t<\/div>\n\t\t\t\t\t<\/div>\n\t\t<\/div>\n\t\t\t\t<div class=\"elementor-column elementor-col-50 elementor-inner-column elementor-element elementor-element-163178e\" data-id=\"163178e\" data-element_type=\"column\">\n\t\t\t<div class=\"elementor-widget-wrap elementor-element-populated\">\n\t\t\t\t\t\t<div class=\"elementor-element elementor-element-9b6adbe elementor-widget elementor-widget-heading\" data-id=\"9b6adbe\" data-element_type=\"widget\" data-widget_type=\"heading.default\">\n\t\t\t\t<div class=\"elementor-widget-container\">\n\t\t\t\t\t<h3 class=\"elementor-heading-title elementor-size-default\">Rent a boat Gothenburg - West Coast<\/h3>\t\t\t\t<\/div>\n\t\t\t\t<\/div>\n\t\t\t\t<div class=\"elementor-element elementor-element-05eb833 elementor-widget-divider--view-line elementor-widget elementor-widget-divider\" data-id=\"05eb833\" data-element_type=\"widget\" data-widget_type=\"divider.default\">\n\t\t\t\t<div class=\"elementor-widget-container\">\n\t\t\t\t\t\t\t<div class=\"elementor-divider\">\n\t\t\t<span class=\"elementor-divider-separator\">\n\t\t\t\t\t\t<\/span>\n\t\t<\/div>\n\t\t\t\t\t\t<\/div>\n\t\t\t\t<\/div>\n\t\t\t\t<div class=\"elementor-element elementor-element-c9070cd elementor-widget elementor-widget-image\" data-id=\"c9070cd\" data-element_type=\"widget\" data-widget_type=\"image.default\">\n\t\t\t\t<div class=\"elementor-widget-container\">\n\t\t\t\t\t\t\t\t\t\t\t\t\t\t\t\t<a href=\"https:\/\/www.hyrbat.se\/en\/hem-grundsunds\/\">\n\t\t\t\t\t\t\t<img fetchpriority=\"high\" decoding=\"async\" width=\"1956\" height=\"436\" src=\"https:\/\/www.hyrbat.se\/wp-content\/uploads\/2022\/02\/grundsunds-marina-logotype.png\" class=\"elementor-animation-grow attachment-full size-full wp-image-158\" alt=\"\" srcset=\"https:\/\/www.hyrbat.se\/wp-content\/uploads\/2022\/02\/grundsunds-marina-logotype.png 1956w, https:\/\/www.hyrbat.se\/wp-content\/uploads\/2022\/02\/grundsunds-marina-logotype-300x67.png 300w, https:\/\/www.hyrbat.se\/wp-content\/uploads\/2022\/02\/grundsunds-marina-logotype-1024x228.png 1024w, https:\/\/www.hyrbat.se\/wp-content\/uploads\/2022\/02\/grundsunds-marina-logotype-768x171.png 768w, https:\/\/www.hyrbat.se\/wp-content\/uploads\/2022\/02\/grundsunds-marina-logotype-1536x342.png 1536w\" sizes=\"(max-width: 1956px) 100vw, 1956px\" \/>\t\t\t\t\t\t\t\t<\/a>\n\t\t\t\t\t\t\t\t\t\t\t\t\t\t\t<\/div>\n\t\t\t\t<\/div>\n\t\t\t\t\t<\/div>\n\t\t<\/div>\n\t\t\t\t\t<\/div>\n\t\t<\/section>\n\t\t\t\t\t<\/div>\n\t\t<\/div>\n\t\t\t\t\t<\/div>\n\t\t<\/section>\n\t\t\t\t<\/div>","protected":false},"excerpt":{"rendered":"<p>Hyrb\u00e5tar f\u00f6r b\u00e5tupplevelser! Hos v\u00e5ra professionella marinor hyr du friheten att uppleva b\u00e5tlivet utan att \u00e4ga b\u00e5t.Du best\u00e4mmer sj\u00e4lv hur l\u00e4nge du vill ha din hyrb\u00e5t\u2013 fr\u00e5n en dag till en hel sommar! Du kan hyra b\u00e5t utanf\u00f6r Stockholm eller G\u00f6teborg. Var vill du hyra b\u00e5t? Hyra b\u00e5t Stockholm Ostkusten Hyra b\u00e5t G\u00f6teborg V\u00e4stkusten<\/p>","protected":false},"author":1,"featured_media":0,"parent":0,"menu_order":0,"comment_status":"closed","ping_status":"closed","template":"","meta":{"_seopress_robots_primary_cat":"","_seopress_titles_title":"Hyra b\u00e5t hos hyrbat.se. Stockholm ostkusten \/ G\u00f6teborg v\u00e4stkusten.  ","_seopress_titles_desc":"V\u00e5ra marinor har hyrb\u00e5tar som ger friheten att uppleva b\u00e5tlivet utan att \u00e4ga b\u00e5t. Att hyra b\u00e5t hos oss, ny och v\u00e4lutrustad \u00e4r lika enkelt som att hyra bil.","_seopress_robots_index":"","footnotes":""},"Pagecategories":[],"class_list":["post-20","page","type-page","status-publish","hentry"],"_links":{"self":[{"href":"https:\/\/www.hyrbat.se\/en\/wp-json\/wp\/v2\/pages\/20","targetHints":{"allow":["GET"]}}],"collection":[{"href":"https:\/\/www.hyrbat.se\/en\/wp-json\/wp\/v2\/pages"}],"about":[{"href":"https:\/\/www.hyrbat.se\/en\/wp-json\/wp\/v2\/types\/page"}],"author":[{"embeddable":true,"href":"https:\/\/www.hyrbat.se\/en\/wp-json\/wp\/v2\/users\/1"}],"replies":[{"embeddable":true,"href":"https:\/\/www.hyrbat.se\/en\/wp-json\/wp\/v2\/comments?post=20"}],"version-history":[{"count":9,"href":"https:\/\/www.hyrbat.se\/en\/wp-json\/wp\/v2\/pages\/20\/revisions"}],"predecessor-version":[{"id":1975,"href":"https:\/\/www.hyrbat.se\/en\/wp-json\/wp\/v2\/pages\/20\/revisions\/1975"}],"wp:attachment":[{"href":"https:\/\/www.hyrbat.se\/en\/wp-json\/wp\/v2\/media?parent=20"}],"wp:term":[{"taxonomy":"Pagecategories","embeddable":true,"href":"https:\/\/www.hyrbat.se\/en\/wp-json\/wp\/v2\/Pagecategories?post=20"}],"curies":[{"name":"wp","href":"https:\/\/api.w.org\/{rel}","templated":true}]}}